{"id":8490,"date":"2022-08-31T05:49:08","date_gmt":"2022-08-31T05:49:08","guid":{"rendered":"https:\/\/eu-poultry.eu\/conditions-generales-dutilisation\/"},"modified":"2022-08-31T05:52:46","modified_gmt":"2022-08-31T05:52:46","slug":"conditions-generales-dutilisation","status":"publish","type":"page","link":"https:\/\/eu-poultry.eu\/fr\/conditions-generales-dutilisation\/","title":{"rendered":"Conditions G\u00e9n\u00e9rales d\u2019Utilisation"},"content":{"rendered":"\t\t<div data-elementor-type=\"wp-page\" data-elementor-id=\"8490\" class=\"elementor elementor-8490 elementor-8481\" data-elementor-post-type=\"page\">\n\t\t\t\t\t\t\t\t\t<section class=\"elementor-section elementor-top-section elementor-element elementor-element-12339fc1 elementor-section-boxed elementor-section-height-default elementor-section-height-default\" data-id=\"12339fc1\" data-element_type=\"section\">\n\t\t\t\t\t\t<div class=\"elementor-container elementor-column-gap-default\">\n\t\t\t\t\t<div class=\"elementor-column elementor-col-100 elementor-top-column elementor-element elementor-element-5e00c4e\" data-id=\"5e00c4e\" data-element_type=\"column\">\n\t\t\t<div class=\"elementor-widget-wrap elementor-element-populated\">\n\t\t\t\t\t\t\t\t<div class=\"elementor-element elementor-element-4106c4b9 elementor-widget elementor-widget-text-editor\" data-id=\"4106c4b9\" data-element_type=\"widget\" data-widget_type=\"text-editor.default\">\n\t\t\t\t<div class=\"elementor-widget-container\">\n\t\t\t<style>\/*! elementor - v3.18.0 - 20-12-2023 *\/\n.elementor-widget-text-editor.elementor-drop-cap-view-stacked .elementor-drop-cap{background-color:#69727d;color:#fff}.elementor-widget-text-editor.elementor-drop-cap-view-framed .elementor-drop-cap{color:#69727d;border:3px solid;background-color:transparent}.elementor-widget-text-editor:not(.elementor-drop-cap-view-default) .elementor-drop-cap{margin-top:8px}.elementor-widget-text-editor:not(.elementor-drop-cap-view-default) .elementor-drop-cap-letter{width:1em;height:1em}.elementor-widget-text-editor .elementor-drop-cap{float:left;text-align:center;line-height:1;font-size:50px}.elementor-widget-text-editor .elementor-drop-cap-letter{display:inline-block}<\/style>\t\t\t\t<h1>Conditions G\u00e9n\u00e9rales d\u2019Utilisation<\/h1>\r\nVeuillez lire toutes les sections de ces conditions g\u00e9n\u00e9rales d\u2019utilisation (ci-apr\u00e8s CGU) avant d&rsquo;utiliser ce site web. Les conditions suivantes sont contraignantes pour tout utilisateur du site.\r\n\r\nConform\u00e9ment \u00e0 l&rsquo;obligation d&rsquo;information pr\u00e9vue par la loi espagnole 34\/2002 sur les services de la soci\u00e9t\u00e9 de l&rsquo;information et le commerce \u00e9lectronique (LSSI-CE) du 11 juillet, vous trouverez ci-apr\u00e8s les informations g\u00e9n\u00e9rales relatives \u00e0 ce site web.\r\n\r\nL&rsquo;objectif de ce texte est d&rsquo;expliquer en d\u00e9tail les fonctionnalit\u00e9s de ce site web et de vous fournir des informations relatives au propri\u00e9taire du site et \u00e0 la finalit\u00e9 des contenus qui y sont inclus.\r\n<h2>DONN\u00c9ES D&rsquo;IDENTIFICATION<\/h2>\r\nLes pr\u00e9sentes CGU r\u00e9glementent l&rsquo;utilisation des services du site web, en vous informant, conform\u00e9ment \u00e0 la loi espagnole 34\/2002, du 11 juillet, sur les services de la soci\u00e9t\u00e9 de l&rsquo;information et le commerce \u00e9lectronique, des points suivants :\r\n\r\n<strong>Raison sociale :<\/strong>AVEC (Association des transformateurs et commer\u00e7ants de volailles dans les pays de l&rsquo;UE ASBL)\r\n\r\n<strong>Si\u00e8ge social : <\/strong>BirtheSteenberg &#8211; Rue du Luxembourg 47-51, B-1050 Bruxelles, Belgique\r\n\r\n<strong>E-mail : <\/strong><a href=\"mailto:bs@avec-poultry.eu\">bs@avec-poultry.eu<\/a>\u00a0 \/\/ <a href=\"mailto:internacional@atlasmarketingstudio.com\">internacional@atlasmarketingstudio.com<\/a>\r\n\r\n<strong>T\u00e9l\u00e9phone : <\/strong>+32 2 238 10 82\/83\r\n\r\n<strong>Code d&rsquo;identification fiscale (CIF) : <\/strong>\r\n\r\n<strong>Donn\u00e9es d&rsquo;enregistrement : <\/strong>\r\n<h2>UTILISATION DU SITE WEB ET OBLIGATIONS DES UTILISATEURS.<\/h2>\r\nL&rsquo;utilisateur s&rsquo;engage \u00e0 utiliser le site web, ses contenus et services sans contrevenir \u00e0 la l\u00e9gislation en vigueur, aux usages g\u00e9n\u00e9ralement admis et \u00e0 l&rsquo;ordre public. Il est interdit d&rsquo;utiliser le site Internet \u00e0 des fins illicites ou pr\u00e9judiciables \u00e0 AVEC ou \u00e0 des tiers, qui, d\u2019une certaine fa\u00e7on, pourrait causer des dommages ou emp\u00eacher l&rsquo;utilisation normale du site web.\r\n\r\nAVEC garantit que les contenus et services propos\u00e9s par le portail respectent le principe de la dignit\u00e9 de la personne, de la protection de la jeunesse et de l&rsquo;enfance, et de la non-discrimination pour des raisons de race, de sexe, de religion, d&rsquo;opinion, de nationalit\u00e9, de handicap ou de tout autre aspect personnel ou social.\r\n\r\nLes pr\u00e9sentes conditions g\u00e9n\u00e9rales d&rsquo;utilisation du site web ne conf\u00e8rent \u00e0 l&rsquo;utilisateur aucun autre droit d&rsquo;utilisation, de modification, d&rsquo;exploitation, de reproduction, de distribution ou de communication publique des contenus du site web autres que ceux express\u00e9ment pr\u00e9vus ci-apr\u00e8s.\r\n\r\nLes contenus (informations, fichiers de son et\/ou d&rsquo;image, photographies, dessins, etc.) contenus dans le portail sont la propri\u00e9t\u00e9 d&rsquo;AVEC ou sont d\u00fbment autoris\u00e9s pour leur diffusion par leurs propri\u00e9taires l\u00e9gitimes.\r\n\r\nAVEC s&rsquo;engage \u00e0 ne pas faire de publicit\u00e9 mensong\u00e8re, et donc interdit :\r\n<ul>\r\n \t<li>L\u2019utilisation \u00e0 des fins commerciales ou publicitaires autres que celles strictement autoris\u00e9es.<\/li>\r\n \t<li>La reproduction, la publication, la distribution ou la modification, en tout ou en partie, sans l&rsquo;autorisation \u00e9crite pr\u00e9alable des propri\u00e9taires l\u00e9gitimes ou dans les limites \u00e9tablies par la loi.<\/li>\r\n \t<li>Toute violation des droits d&rsquo;AVEC ou des propri\u00e9taires l\u00e9gitimes des contenus.<\/li>\r\n<\/ul>\r\n<h2>PROPRI\u00c9T\u00c9 INTELLECTUELLE ET INDUSTRIELLE<\/h2>\r\nL&rsquo;utilisateur reconna\u00eet et accepte que tous les droits de propri\u00e9t\u00e9 industrielle et intellectuelle sur les contenus et\/ou tout autre \u00e9l\u00e9ment ins\u00e9r\u00e9 dans le site web appartiennent \u00e0 ATLAS AVEC ou que cette derni\u00e8re est d\u00fbment autoris\u00e9e \u00e0 les diffuser sur le pr\u00e9sent site web.\r\n\r\nAu cas o\u00f9 un utilisateur ou un tiers consid\u00e8re qu&rsquo;il y a eu une violation de ses droits l\u00e9gitimes de propri\u00e9t\u00e9 intellectuelle en raison de l&rsquo;introduction de certains contenus sur le site web, il devra notifier AVEC de cette circonstance, en indiquant :\r\n<ul>\r\n \t<li>Coordonn\u00e9es du titulaire des droits pr\u00e9tendument viol\u00e9s, ou indication de la repr\u00e9sentation sous laquelle il agit dans le cas o\u00f9 la plainte est pr\u00e9sent\u00e9e par un tiers autre que la personne concern\u00e9e.<\/li>\r\n \t<li>Les contenus prot\u00e9g\u00e9s par des droits de propri\u00e9t\u00e9 intellectuelle et leur emplacement sur le site web, l&rsquo;accr\u00e9ditation des droits de propri\u00e9t\u00e9 intellectuelle indiqu\u00e9s et une d\u00e9claration expresse dans laquelle l&rsquo;int\u00e9ress\u00e9 accepte la responsabilit\u00e9 de la v\u00e9racit\u00e9 des informations fournies dans la notification.<\/li>\r\n<\/ul>\r\n<h2>LIENS<\/h2>\r\nCe site web fournit des liens vers d&rsquo;autres sites web et des contenus appartenant \u00e0 des tiers.\r\n\r\nLe seul but des liens est de fournir \u00e0 l&rsquo;utilisateur la possibilit\u00e9 d&rsquo;acc\u00e9der \u00e0 ces liens. AVEC n&rsquo;est en aucun cas responsable des r\u00e9sultats que l&rsquo;utilisateur peut obtenir en acc\u00e9dant \u00e0 ces liens.\r\n\r\nTout utilisateur ayant l&rsquo;intention d&rsquo;\u00e9tablir un lien technique entre son site web et le portail doit obtenir l&rsquo;autorisation \u00e9crite pr\u00e9alable d&rsquo;AVEC. L&rsquo;\u00e9tablissement du lien n&rsquo;implique en aucun cas l&rsquo;existence de relations entre AVEC et le propri\u00e9taire du site sur lequel le lien est \u00e9tabli, ni l&rsquo;acceptation ou l&rsquo;approbation par AVEC de ses contenus ou services.\r\n\r\nLe site web sur lequel le lien est \u00e9tabli ne contiendra aucune marque, d\u00e9nomination, logo, slogan ou autres signes distinctifs appartenant \u00e0 AVEC, \u00e0 l&rsquo;exception de ceux express\u00e9ment autoris\u00e9s.\r\n<h2>MODIFICATION UNILAT\u00c9RAL ET DUR\u00c9E<\/h2>\r\nAVEC se r\u00e9serve le droit de modifier, \u00e0 tout moment et sans pr\u00e9avis, la pr\u00e9sentation et la configuration du site web, ainsi que les pr\u00e9sentes CGU.\r\n\r\nEXCLUSION DES GARANTIES ET DE LA RESPONSABILIT\u00c9\r\n\r\nAVEC n&rsquo;accorde aucune garantie et n&rsquo;est en aucun cas responsable des dommages de toute nature qui pourraient \u00eatre caus\u00e9s par :\r\n<ul>\r\n \t<li>Le manque de disponibilit\u00e9, de maintenance et de fonctionnement efficace du site web et\/ou de ses services ou contenus.<\/li>\r\n \t<li>L&rsquo;existence de virus, de logiciels malveillants ou nuisibles dans les contenus.<\/li>\r\n \t<li>L&rsquo;utilisation illicite, n\u00e9gligente, frauduleuse, contraire aux pr\u00e9sentes conditions, \u00e0 la bonne foi, aux usages g\u00e9n\u00e9ralement admis ou \u00e0 l&rsquo;ordre public, du site web, de ses services ou de ses contenus, par les utilisateurs.<\/li>\r\n<\/ul>\r\n<h2>LE TRAITEMENT DES DONN\u00c9ES PERSONNELLES<\/h2>\r\nAVEC, comme indiqu\u00e9 dans sa <strong>Politique de confidentialit\u00e9,<\/strong> qui peut \u00eatre consult\u00e9e sur ce site, a adopt\u00e9 les niveaux de s\u00e9curit\u00e9 appropri\u00e9s pour les donn\u00e9es qu&rsquo;elle traite et g\u00e8re, en incorporant tous les moyens et mesures techniques \u00e0 sa port\u00e9e pour garantir leur confidentialit\u00e9, \u00e9viter leur mauvaise utilisation, leur perte, leur alt\u00e9ration, leur acc\u00e8s non autoris\u00e9 et leur vol.\r\n<h2>LOI APPLICABLE ET JURIDICTION<\/h2>\r\nPour la r\u00e9solution de tous les litiges ou questions li\u00e9s \u00e0 ce site web ou aux activit\u00e9s qui y sont r\u00e9alis\u00e9es, la loi espagnole sera applicable. Les parties s\u2019y soumettent express\u00e9ment, et les Cours et Tribunaux du domicile du demandeur identifi\u00e9 comme consommateur seront comp\u00e9tents pour la r\u00e9solution de tous les litiges d\u00e9coulant de ou li\u00e9s \u00e0 son utilisation, sinon les Cours et Tribunaux comp\u00e9tents seront ceux de la ville de Bruxelles.\r\n<h2>CONTACT<\/h2>\r\nSi un utilisateur a des questions sur les pr\u00e9sentes Conditions G\u00e9n\u00e9rales d\u2019Utilisation ou des commentaires \u00e0 son sujet, il peut contacter <a href=\"mailto:internacional@atlasmarketingstudio.com\">internacional@atlasmarketingstudio.com<\/a> ou envoyer une communication \u00e9crite \u00e0 l&rsquo;adresse indiqu\u00e9e dans l&rsquo;en-t\u00eate.\t\t\t\t\t\t<\/div>\n\t\t\t\t<\/div>\n\t\t\t\t\t<\/div>\n\t\t<\/div>\n\t\t\t\t\t\t\t<\/div>\n\t\t<\/section>\n\t\t\t\t\t\t\t<\/div>\n\t\t","protected":false},"excerpt":{"rendered":"<p>Conditions G\u00e9n\u00e9rales d\u2019Utilisation Veuillez lire toutes les sections de ces conditions g\u00e9n\u00e9rales d\u2019utilisation (ci-apr\u00e8s CGU) avant d&rsquo;utiliser ce site web. Les conditions suivantes sont contraignantes pour tout utilisateur du site. Conform\u00e9ment \u00e0 l&rsquo;obligation d&rsquo;information pr\u00e9vue par la loi espagnole 34\/2002 sur les services de la soci\u00e9t\u00e9 de l&rsquo;information et le commerce \u00e9lectronique (LSSI-CE) du 11 [&hellip;]<\/p>\n","protected":false},"author":1,"featured_media":0,"parent":0,"menu_order":0,"comment_status":"closed","ping_status":"open","template":"elementor_header_footer","meta":{"wprm-recipe-roundup-name":"","wprm-recipe-roundup-description":"","footnotes":""},"_links":{"self":[{"href":"https:\/\/eu-poultry.eu\/fr\/wp-json\/wp\/v2\/pages\/8490"}],"collection":[{"href":"https:\/\/eu-poultry.eu\/fr\/wp-json\/wp\/v2\/pages"}],"about":[{"href":"https:\/\/eu-poultry.eu\/fr\/wp-json\/wp\/v2\/types\/page"}],"author":[{"embeddable":true,"href":"https:\/\/eu-poultry.eu\/fr\/wp-json\/wp\/v2\/users\/1"}],"replies":[{"embeddable":true,"href":"https:\/\/eu-poultry.eu\/fr\/wp-json\/wp\/v2\/comments?post=8490"}],"version-history":[{"count":1,"href":"https:\/\/eu-poultry.eu\/fr\/wp-json\/wp\/v2\/pages\/8490\/revisions"}],"predecessor-version":[{"id":8491,"href":"https:\/\/eu-poultry.eu\/fr\/wp-json\/wp\/v2\/pages\/8490\/revisions\/8491"}],"wp:attachment":[{"href":"https:\/\/eu-poultry.eu\/fr\/wp-json\/wp\/v2\/media?parent=8490"}],"curies":[{"name":"wp","href":"https:\/\/api.w.org\/{rel}","templated":true}]}}