{"id":8469,"date":"2022-06-17T11:10:55","date_gmt":"2022-06-17T11:10:55","guid":{"rendered":"https:\/\/eu-poultry.eu\/politique-de-confidentialite\/"},"modified":"2022-08-31T05:44:55","modified_gmt":"2022-08-31T05:44:55","slug":"politique-de-confidentialite","status":"publish","type":"page","link":"https:\/\/eu-poultry.eu\/fr\/politique-de-confidentialite\/","title":{"rendered":"Politique de Confidentialit\u00e9"},"content":{"rendered":"\t\t<div data-elementor-type=\"wp-page\" data-elementor-id=\"8469\" class=\"elementor elementor-8469 elementor-1256\" data-elementor-post-type=\"page\">\n\t\t\t\t\t\t\t\t\t<section class=\"elementor-section elementor-top-section elementor-element elementor-element-12339fc1 elementor-section-boxed elementor-section-height-default elementor-section-height-default\" data-id=\"12339fc1\" data-element_type=\"section\">\n\t\t\t\t\t\t<div class=\"elementor-container elementor-column-gap-default\">\n\t\t\t\t\t<div class=\"elementor-column elementor-col-100 elementor-top-column elementor-element elementor-element-5e00c4e\" data-id=\"5e00c4e\" data-element_type=\"column\">\n\t\t\t<div class=\"elementor-widget-wrap elementor-element-populated\">\n\t\t\t\t\t\t\t\t<div class=\"elementor-element elementor-element-4106c4b9 elementor-widget elementor-widget-text-editor\" data-id=\"4106c4b9\" data-element_type=\"widget\" data-widget_type=\"text-editor.default\">\n\t\t\t\t<div class=\"elementor-widget-container\">\n\t\t\t<style>\/*! elementor - v3.18.0 - 20-12-2023 *\/\n.elementor-widget-text-editor.elementor-drop-cap-view-stacked .elementor-drop-cap{background-color:#69727d;color:#fff}.elementor-widget-text-editor.elementor-drop-cap-view-framed .elementor-drop-cap{color:#69727d;border:3px solid;background-color:transparent}.elementor-widget-text-editor:not(.elementor-drop-cap-view-default) .elementor-drop-cap{margin-top:8px}.elementor-widget-text-editor:not(.elementor-drop-cap-view-default) .elementor-drop-cap-letter{width:1em;height:1em}.elementor-widget-text-editor .elementor-drop-cap{float:left;text-align:center;line-height:1;font-size:50px}.elementor-widget-text-editor .elementor-drop-cap-letter{display:inline-block}<\/style>\t\t\t\t<h2>POLITIQUE DE CONFIDENTIALIT\u00c9<\/h2><h3><a name=\"_Toc110509093\"><\/a>QUI EST LE RESPONSABLE DU TRAITEMENT DES DONN\u00c9ES ?<\/h3><ul><li><strong>Le RESPONSABLE DU TRAITEMENT de vos donn\u00e9es est :<\/strong> AVEC (Association des transformateurs et commer\u00e7ants de volailles dans les pays de l&rsquo;UE ASBL)<\/li><li><strong>Code d&rsquo;identification fiscale : <\/strong><\/li><li><strong>Adresse postale : <\/strong>BirtheSteenberg &#8211; Rue du Luxembourg 47-51, B-1050 Bruxelles, Belgique<\/li><li><strong>E-mail :<\/strong><a href=\"mailto:bs@avec-poultry.eu\">bs@avec-poultry.eu<\/a> \/\/ <a href=\"mailto:internacional@atlasmarketingstudio.com\">internacional@atlasmarketingstudio.com<\/a><\/li><\/ul><h3><a name=\"_Toc110509094\"><\/a>QUEL TYPE DE DONN\u00c9ES TRAITONS-NOUS ?<\/h3><p>En fonction des produits, services ou fonctionnalit\u00e9s dont vous souhaitez b\u00e9n\u00e9ficier \u00e0 un moment donn\u00e9, nous devrons traiter certaines donn\u00e9es ou d&rsquo;autres.\u00a0 En g\u00e9n\u00e9ral, ces donn\u00e9es sont, selon le cas, les suivantes :<\/p><ul><li>Vos donn\u00e9es d&rsquo;identification (par exemple : votre pr\u00e9nom, votre nom, votre langue, le pays depuis lequel vous interagissez avec nous, vos coordonn\u00e9es, etc.)<\/li><li>Donn\u00e9es de connexion, de g\u00e9olocalisation et de navigation (au cas o\u00f9 vous interagissez avec nous depuis votre t\u00e9l\u00e9phone mobile, par exemple).<\/li><li>Informations commerciales si vous \u00eates abonn\u00e9 \u00e0 notre newsletter.<\/li><li>Donn\u00e9es sur vos go\u00fbts et pr\u00e9f\u00e9rences.<\/li><\/ul><p>Veuillez noter que lorsque nous vous demandons de remplir vos donn\u00e9es personnelles afin de vous donner acc\u00e8s \u00e0 une fonction ou \u00e0 un service du site web, certains champs sont marqu\u00e9s comme obligatoires, car il s&rsquo;agit de donn\u00e9es dont nous avons besoin pour vous fournir le service ou vous donner acc\u00e8s \u00e0 la fonction en question.<\/p><p>Veuillez noter que si vous choisissez de ne pas nous fournir ces informations, il se peut que vous ne puissiez pas terminer votre inscription d&rsquo;utilisateur ou profiter de ces services ou fonctionnalit\u00e9s.<\/p><h3><a name=\"_Toc110509095\"><\/a>DANS QUEL BUT TRAITONS-NOUS VOS DONN\u00c9ES PERSONNELLES ?<\/h3><p>En fonction de la mani\u00e8re dont vous interagissez avec notre site web, nous traiterons vos donn\u00e9es personnelles aux fins suivantes :<\/p><ol><li><strong>Pour r\u00e9pondre aux demandes ou requ\u00eates que vous formulez par les diff\u00e9rents moyens int\u00e9gr\u00e9s sur notre site web. <\/strong><\/li><\/ol><p>Nous ne traitons que les donn\u00e9es personnelles strictement n\u00e9cessaires pour traiter ou r\u00e9soudre votre demande ou votre requ\u00eate.<\/p><ol><li><strong>\u00c0 des fins de marketing. <\/strong><\/li><\/ol><p>Dans la mesure o\u00f9 vous vous abonnez \u00e0 notre Newsletter, vos donn\u00e9es personnelles seront utilis\u00e9es pour l&rsquo;envoi r\u00e9gulier des newsletters de l&rsquo;entreprise.<\/p><p>Nous vous rappelons que vous pouvez vous d\u00e9sabonner de la Newsletter \u00e0 tout moment et gratuitement, en nous contactant via l&rsquo;adresse e-mail du responsable du traitement des donn\u00e9es ou en suivant les instructions que nous vous fournirons dans chacune de nos communications.<\/p><ol><li><strong>Pour la gestion des r\u00e9seaux sociaux<\/strong><\/li><\/ol><p>Si vous nous suivez ou nous contactez \u00e0 travers les diff\u00e9rents r\u00e9seaux sociaux dans lesquels nous sommes pr\u00e9sents, nous traiterons les donn\u00e9es que vous nous fournissez \u00e0 travers ces r\u00e9seaux dans le seul but de r\u00e9pondre \u00e0 vos messages ou commentaires et de g\u00e9rer notre liste de contacts.<\/p><ol><li><strong>Analyse de la convivialit\u00e9 et de la qualit\u00e9 pour l&rsquo;am\u00e9lioration de nos services (Cookies)<\/strong><\/li><\/ol><p>Si vous acc\u00e9dez \u00e0 notre Plateforme, nous vous informons que nous traiterons vos donn\u00e9es de navigation \u00e0 des fins analytiques et statistiques, c&rsquo;est-\u00e0-dire, pour comprendre comment les utilisateurs interagissent avec notre Plateforme afin de pouvoir y apporter des am\u00e9liorations. Nous r\u00e9alisons aussi occasionnellement des actions et des enqu\u00eates de qualit\u00e9 pour conna\u00eetre le degr\u00e9 de satisfaction de nos clients et utilisateurs et pour d\u00e9tecter les domaines dans lesquels nous pouvons nous am\u00e9liorer.<\/p><h3><a name=\"_Toc110509096\"><\/a>QUELLE EST LA L\u00c9GITIMIT\u00c9 DU TRAITEMENT DE VOS DONN\u00c9ES ?<\/h3><p>La base juridique qui nous permet de traiter vos donn\u00e9es personnelles d\u00e9pend \u00e9galement de la finalit\u00e9 pour laquelle nous les traitons, nous trouverons donc diff\u00e9rentes bases juridiques dans les finalit\u00e9s suivantes :<\/p><ol><li><strong>\u00a0Attention aux demandes d&rsquo;information.<\/strong><\/li><\/ol><p>La base juridique du traitement de vos donn\u00e9es est le consentement \u00e9clair\u00e9 \u00e0 r\u00e9pondre aux questions pos\u00e9es par le biais du site web, ce qui implique l&rsquo;acceptation des pr\u00e9sentes conditions par la partie int\u00e9ress\u00e9e.<\/p><ol><li><strong>Marketing.<\/strong><\/li><\/ol><p>La base l\u00e9gitime du traitement de vos donn\u00e9es \u00e0 des fins de marketing est votre consentement.<\/p><ol start=\"3\"><li><strong>R\u00e9seaux sociaux<\/strong><\/li><\/ol><p>La base de la l\u00e9gitimit\u00e9 est le consentement \u00e9clair\u00e9 pour r\u00e9pondre aux questions pos\u00e9es par le biais du r\u00e9seau social, ainsi que le moment o\u00f9 vous nous suivez et souhaitez faire partie de notre liste de contacts.<\/p><ol><li><strong>Analyse de la convivialit\u00e9 et de la qualit\u00e9 (Cookies)<\/strong><\/li><\/ol><p>Consentement de l&rsquo;utilisateur \u00e0 l&rsquo;utilisation de cookies.<\/p><h3><a name=\"_Toc110509097\"><\/a>COMBIEN DE TEMPS CONSERVONS-NOUS VOS DONN\u00c9ES ?<\/h3><ol><li><strong>Demande d&rsquo;information.<\/strong><\/li><\/ol><p>Nous traiterons vos donn\u00e9es aussi longtemps qu&rsquo;il sera n\u00e9cessaire pour traiter votre demande ou votre requ\u00eate et pendant un an apr\u00e8s sa r\u00e9solution.<\/p><ol><li><strong>Marketing<\/strong><\/li><\/ol><p>Nous traiterons vos donn\u00e9es jusqu&rsquo;\u00e0 ce que vous vous d\u00e9sabonniez ou annuliez votre abonnement \u00e0 la newsletter.<\/p><ol start=\"3\"><li><strong>R\u00e9seaux sociaux<\/strong><\/li><\/ol><p>Nous traiterons vos donn\u00e9es aussi longtemps qu&rsquo;il sera n\u00e9cessaire pour traiter votre demande ou votre requ\u00eate et pendant que vous nous suiviez sur les r\u00e9seaux sociaux.<\/p><h3><a name=\"_Toc110509098\"><\/a>PARTAGERONS-NOUS VOS DONN\u00c9ES AVEC DES TIERS ?<\/h3><p>Les donn\u00e9es personnelles ne seront pas transf\u00e9r\u00e9es ou communiqu\u00e9es \u00e0 des tiers, sauf : obligation l\u00e9gale, obtention de votre consentement expr\u00e8s ou compr\u00e9hension d&rsquo;un int\u00e9r\u00eat l\u00e9gitime de notre part, qui vous sera d\u00fbment communiqu\u00e9.<\/p><p>Cependant, nous tenons \u00e0 vous informer que nous sommes pr\u00e9sents sur les r\u00e9seaux sociaux suivants : Facebook, Instagram et Pinterest, pour tenir nos followers inform\u00e9s des actualit\u00e9s et des services de l&rsquo;entreprise.<\/p><p>Vous pouvez acc\u00e9der \u00e0 ces r\u00e9seaux sociaux volontairement et par les liens disponibles sur le site web lui-m\u00eame ou en y acc\u00e9dant directement et par vous-m\u00eame \u00e0 partir de votre navigateur ou de l&rsquo;application install\u00e9e.<\/p><p>Vous devez savoir que ce site web n&rsquo;est pas responsable de l&rsquo;utilisation des donn\u00e9es que ces r\u00e9seaux sociaux peuvent faire. Toutefois, lorsque ces donn\u00e9es sont g\u00e9n\u00e9r\u00e9es sur le r\u00e9seau social et d\u00e9coulent d&rsquo;une interaction avec notre compte officiel, nous serons conjointement responsables du traitement avec le r\u00e9seau social.<\/p><p>Afin de consentir \u00e0 notre transfert depuis ce site web et au traitement de vos donn\u00e9es, vous devez lire attentivement la politique de confidentialit\u00e9 du r\u00e9seau social auquel vous souhaitez acc\u00e9der :<\/p><ul><li>Facebook <a href=\"https:\/\/es-es.facebook.com\/privacy\/explanation\">: https:\/\/es-es.facebook.com\/privacy\/explanation<\/a><\/li><li>Instagram <a href=\"https:\/\/privacycenter.instagram.com\/policy\/\">: https:\/\/privacycenter.instagram.com\/policy\/<\/a><\/li><li>Pinterest <a href=\"https:\/\/policy.pinterest.com\/es\/privacy-policy\">: https:\/\/policy.pinterest.com\/es\/privacy-policy<\/a><\/li><\/ul><p>De cette fa\u00e7on, avant de cliquer sur les logos des r\u00e9seaux sociaux sur notre site web, vous pouvez \u00eatre inform\u00e9 et vous rediriger en connaissance pr\u00e9alable du traitement de vos donn\u00e9es et volontairement.<\/p><p>Toutefois, nous tenons \u00e0 vous informer que le site web contient des liens externes vers :<\/p><ul><li>AVEC : Association des transformateurs et commer\u00e7ants de volailles dans les pays de l&rsquo;UE (avec-poultry.eu)<\/li><li>BVG : ZDG &#8211; Zentralverband der DeutschenGefl\u00fcgelwirtschafte.V. (zdg-online.de)<\/li><li>AVIANZA : Avianza &#8211; Spanish Interprofessional Association of Poultry Meat.<\/li><li>CIPC : Accueil &#8211; Volaille Fran\u00e7aise (volaille-francaise.fr)<\/li><\/ul><h3><a name=\"_Toc110509099\"><\/a>QUELS SONT VOS DROITS LORSQUE VOUS NOUS COMMUNIQUEZ VOS DONN\u00c9ES ?<\/h3><p>Nous nous engageons \u00e0 respecter la confidentialit\u00e9 de vos donn\u00e9es personnelles et \u00e0 vous garantir l&rsquo;exercice de vos droits.<\/p><p>Vous pouvez exercer ces droits gratuitement en nous envoyant un courrier \u00e9lectronique \u00e0 notre adresse <a href=\"mailto:internacional@atlasmarketingstudio.com\">internacional@atlasmarketingstudio.com,<\/a> en indiquant le motif de votre demande et le droit que vous souhaitez exercer.<\/p><p>Si nous estimons qu&rsquo;il est n\u00e9cessaire de vous identifier, nous pouvons vous demander une copie de votre document d\u2019identit\u00e9. En particulier, quelle que soit la finalit\u00e9 ou la base juridique en vertu de laquelle nous traitons vos donn\u00e9es, vous avez le droit de :<\/p><p>Demandez-nous l&rsquo;acc\u00e8s aux donn\u00e9es que nous d\u00e9tenons \u00e0 votre sujet.<\/p><p>Nous demander de rectifier les donn\u00e9es dont nous disposons d\u00e9j\u00e0. Veuillez noter qu&rsquo;en nous fournissant activement vos donn\u00e9es personnelles par quelque moyen que ce soit, vous garantissez qu&rsquo;elles sont vraies et exactes et vous vous engagez \u00e0 nous informer de tout changement ou modification de celles-ci.<\/p><p>Nous demander d&rsquo;effacer vos donn\u00e9es dans la mesure o\u00f9 elles ne sont plus n\u00e9cessaires \u00e0 la finalit\u00e9 pour laquelle nous devons les traiter comme nous vous en avons pr\u00e9alablement inform\u00e9, ou dans la mesure o\u00f9 nous n&rsquo;avons plus la l\u00e9gitimit\u00e9 pour le faire.<\/p><p>Nous demander de restreindre le traitement de vos donn\u00e9es, ce qui signifie que, dans certains cas, vous pouvez nous demander de suspendre temporairement le traitement de vos donn\u00e9es ou de les conserver plus longtemps que n\u00e9cessaire alors que vous pourriez en avoir besoin. Si vous nous avez donn\u00e9 votre consentement au traitement de vos donn\u00e9es \u00e0 quelque fin que ce soit, vous avez \u00e9galement le droit de retirer votre consentement \u00e0 tout moment.<\/p><p>Recevoir les donn\u00e9es personnelles vous concernant que vous nous avez fournies dans un format structur\u00e9, couramment utilis\u00e9 et lisible par machine et les transmettre \u00e0 un autre responsable de traitement.<\/p><p>En outre, lorsque le traitement de vos donn\u00e9es est fond\u00e9 sur notre int\u00e9r\u00eat l\u00e9gitime, vous avez \u00e9galement le droit de vous opposer au traitement de vos donn\u00e9es.<\/p><p>Enfin, nous vous informons de votre droit de d\u00e9poser une plainte aupr\u00e8s de l&rsquo;autorit\u00e9 de contr\u00f4le de la protection des donn\u00e9es comp\u00e9tente, en particulier aupr\u00e8s de l&rsquo;Agence espagnole de protection des donn\u00e9es <a href=\"https:\/\/www.agpd.es\/portalwebAGPD\/index-ides-idphp.php\">https:\/\/www.agpd.es\/portalwebAGPD\/index-ides-idphp.php<\/a><\/p><h2><a name=\"_Toc110509100\"><\/a>MODIFICATIONS DE LA POLITIQUE DE CONFIDENTIALIT\u00c9.<\/h2><p>Nous pouvons modifier les informations contenues dans la pr\u00e9sente politique de confidentialit\u00e9 si nous le jugeons appropri\u00e9. Si nous le faisons, nous vous en informerons de diverses mani\u00e8res par le biais de la Plateforme, notamment en vous notifiant \u00e0 votre adresse \u00e9lectronique lorsque la modification en question est importante pour votre vie priv\u00e9e, afin que vous puissiez examiner les modifications, les \u00e9valuer et, le cas \u00e9ch\u00e9ant, vous opposer ou vous d\u00e9sabonner de tout service ou fonctionnalit\u00e9.<\/p><h2><a name=\"_Toc110509101\"><\/a>INFORMATIONS SUR LES COOKIES<\/h2><p>Nous utilisons des cookies et des dispositifs similaires pour faciliter votre navigation sur la Plateforme, pour savoir comment vous interagissez avec nous et, dans certains cas, pour pouvoir vous montrer des publicit\u00e9s en fonction de vos habitudes de navigation. Veuillez lire notre <a href=\"https:\/\/eu-poultry.eu\/fr\/politique-en-matiere-de-cookies\/\"><strong>Politique en mati\u00e8re de cookies<\/strong><\/a> pour en savoir plus sur les cookies et les dispositifs similaires que nous utilisons, leur objectif et d&rsquo;autres informations int\u00e9ressantes.<\/p>\t\t\t\t\t\t<\/div>\n\t\t\t\t<\/div>\n\t\t\t\t\t<\/div>\n\t\t<\/div>\n\t\t\t\t\t\t\t<\/div>\n\t\t<\/section>\n\t\t\t\t\t\t\t<\/div>\n\t\t","protected":false},"excerpt":{"rendered":"<p>POLITIQUE DE CONFIDENTIALIT\u00c9 QUI EST LE RESPONSABLE DU TRAITEMENT DES DONN\u00c9ES ? Le RESPONSABLE DU TRAITEMENT de vos donn\u00e9es est : AVEC (Association des transformateurs et commer\u00e7ants de volailles dans les pays de l&rsquo;UE ASBL) Code d&rsquo;identification fiscale : Adresse postale : BirtheSteenberg &#8211; Rue du Luxembourg 47-51, B-1050 Bruxelles, Belgique E-mail :bs@avec-poultry.eu \/\/ internacional@atlasmarketingstudio.com [&hellip;]<\/p>\n","protected":false},"author":1,"featured_media":0,"parent":0,"menu_order":0,"comment_status":"closed","ping_status":"open","template":"elementor_header_footer","meta":{"wprm-recipe-roundup-name":"","wprm-recipe-roundup-description":"","footnotes":""},"_links":{"self":[{"href":"https:\/\/eu-poultry.eu\/fr\/wp-json\/wp\/v2\/pages\/8469"}],"collection":[{"href":"https:\/\/eu-poultry.eu\/fr\/wp-json\/wp\/v2\/pages"}],"about":[{"href":"https:\/\/eu-poultry.eu\/fr\/wp-json\/wp\/v2\/types\/page"}],"author":[{"embeddable":true,"href":"https:\/\/eu-poultry.eu\/fr\/wp-json\/wp\/v2\/users\/1"}],"replies":[{"embeddable":true,"href":"https:\/\/eu-poultry.eu\/fr\/wp-json\/wp\/v2\/comments?post=8469"}],"version-history":[{"count":7,"href":"https:\/\/eu-poultry.eu\/fr\/wp-json\/wp\/v2\/pages\/8469\/revisions"}],"predecessor-version":[{"id":8476,"href":"https:\/\/eu-poultry.eu\/fr\/wp-json\/wp\/v2\/pages\/8469\/revisions\/8476"}],"wp:attachment":[{"href":"https:\/\/eu-poultry.eu\/fr\/wp-json\/wp\/v2\/media?parent=8469"}],"curies":[{"name":"wp","href":"https:\/\/api.w.org\/{rel}","templated":true}]}}