{"id":8458,"date":"2022-06-08T12:57:23","date_gmt":"2022-06-08T12:57:23","guid":{"rendered":"https:\/\/eu-poultry.eu\/politique-en-matiere-de-cookies\/"},"modified":"2022-08-30T09:30:21","modified_gmt":"2022-08-30T09:30:21","slug":"politique-en-matiere-de-cookies","status":"publish","type":"page","link":"https:\/\/eu-poultry.eu\/fr\/politique-en-matiere-de-cookies\/","title":{"rendered":"Politique en Mati\u00e8re de Cookies"},"content":{"rendered":"\t\t<div data-elementor-type=\"wp-page\" data-elementor-id=\"8458\" class=\"elementor elementor-8458 elementor-3\" data-elementor-post-type=\"page\">\n\t\t\t\t\t\t\t\t\t<section class=\"elementor-section elementor-top-section elementor-element elementor-element-12339fc1 elementor-section-boxed elementor-section-height-default elementor-section-height-default\" data-id=\"12339fc1\" data-element_type=\"section\">\n\t\t\t\t\t\t<div class=\"elementor-container elementor-column-gap-default\">\n\t\t\t\t\t<div class=\"elementor-column elementor-col-100 elementor-top-column elementor-element elementor-element-5e00c4e\" data-id=\"5e00c4e\" data-element_type=\"column\">\n\t\t\t<div class=\"elementor-widget-wrap elementor-element-populated\">\n\t\t\t\t\t\t\t\t<div class=\"elementor-element elementor-element-4106c4b9 elementor-widget elementor-widget-text-editor\" data-id=\"4106c4b9\" data-element_type=\"widget\" data-widget_type=\"text-editor.default\">\n\t\t\t\t<div class=\"elementor-widget-container\">\n\t\t\t<style>\/*! elementor - v3.18.0 - 20-12-2023 *\/\n.elementor-widget-text-editor.elementor-drop-cap-view-stacked .elementor-drop-cap{background-color:#69727d;color:#fff}.elementor-widget-text-editor.elementor-drop-cap-view-framed .elementor-drop-cap{color:#69727d;border:3px solid;background-color:transparent}.elementor-widget-text-editor:not(.elementor-drop-cap-view-default) .elementor-drop-cap{margin-top:8px}.elementor-widget-text-editor:not(.elementor-drop-cap-view-default) .elementor-drop-cap-letter{width:1em;height:1em}.elementor-widget-text-editor .elementor-drop-cap{float:left;text-align:center;line-height:1;font-size:50px}.elementor-widget-text-editor .elementor-drop-cap-letter{display:inline-block}<\/style>\t\t\t\t<h1>POLITIQUE EN MATI\u00c8RE DE COOKIES<\/h1>\r\n<h2>D\u00c9FINITION et fonction g\u00e9n\u00e9rique des COOKIES<\/h2>\r\nLes cookies sont des identifiants que nous envoyons sur le disque dur de votre ordinateur par le biais de votre navigateur web afin que nos syst\u00e8mes puissent reconna\u00eetre votre navigateur et vous fournir certains services.\r\n\r\nEn g\u00e9n\u00e9ral, ces technologies peuvent \u00eatre utilis\u00e9es \u00e0 des fins tr\u00e8s diverses, par exemple pour vous reconna\u00eetre en tant qu&rsquo;utilisateur, pour obtenir des informations sur vos habitudes de navigation ou pour personnaliser l&rsquo;affichage du contenu.\r\n\r\nCe site utilise diff\u00e9rents types de cookies. Certains cookies sont plac\u00e9s par des services tiers qui apparaissent sur nos pages. Dans certains cas, lorsque vous utilisez un moteur de recherche Google, vous pouvez avoir accept\u00e9 ses propres cookies. Ces cookies Google sont install\u00e9s m\u00eame si vous n&rsquo;avez pas accept\u00e9 nos propres cookies et\/ou ceux de tiers.\r\n\r\nLes cookies utilis\u00e9s par le site web sont \u00e9num\u00e9r\u00e9s ci-dessous.\r\n<h2>COOKIES UTILIS\u00c9S<\/h2>\r\n<h3>Cookies n\u00e9cessaires<\/h3>\r\nLes cookies n\u00e9cessaires contribuent \u00e0 rendre un site web utilisable en permettant des fonctions de base telles que la navigation dans les pages et l&rsquo;acc\u00e8s aux zones s\u00e9curis\u00e9es du site web. Le site web ne peut pas fonctionner correctement sans ces cookies.\r\n<table width=\"97%\">\r\n<tbody>\r\n<tr>\r\n<td width=\"14%\">Name<\/td>\r\n<td width=\"23%\">Provider<\/td>\r\n<td width=\"24%\">Purpose<\/td>\r\n<td width=\"37%\">Expiration<\/td>\r\n<\/tr>\r\n<tr>\r\n<td width=\"14%\">last_pys_landing_page<\/td>\r\n<td width=\"23%\">eu-poultry.eu<\/td>\r\n<td width=\"24%\">Website Performance<\/td>\r\n<td width=\"37%\">30 days<\/td>\r\n<\/tr>\r\n<tr>\r\n<td width=\"14%\">pys_session_limit<\/td>\r\n<td width=\"23%\">eu-poultry.eu<\/td>\r\n<td width=\"24%\">Website Performance<\/td>\r\n<td width=\"37%\">30 days<\/td>\r\n<\/tr>\r\n<tr>\r\n<td width=\"14%\">pys_landing_page<\/td>\r\n<td width=\"23%\">eu-poultry.eu<\/td>\r\n<td width=\"24%\">Website Performance<\/td>\r\n<td width=\"37%\">30 days<\/td>\r\n<\/tr>\r\n<tr>\r\n<td width=\"14%\">pys_first_visit<\/td>\r\n<td width=\"23%\">eu-poultry.eu<\/td>\r\n<td width=\"24%\">Website Performance<\/td>\r\n<td width=\"37%\">30 days<\/td>\r\n<\/tr>\r\n<tr>\r\n<td width=\"14%\">pys_start_session<\/td>\r\n<td width=\"23%\">eu-poultry.eu<\/td>\r\n<td width=\"24%\">Website Performance &#8211; User sesion<\/td>\r\n<td width=\"37%\">30 days<\/td>\r\n<\/tr>\r\n<tr>\r\n<td width=\"14%\">last_pysTrafficSource<\/td>\r\n<td width=\"23%\">eu-poultry.eu<\/td>\r\n<td width=\"24%\">Website Performance<\/td>\r\n<td width=\"37%\">30 days<\/td>\r\n<\/tr>\r\n<tr>\r\n<td width=\"14%\">pysTrafficSource<\/td>\r\n<td width=\"23%\">eu-poultry.eu<\/td>\r\n<td width=\"24%\">Website Performance<\/td>\r\n<td width=\"37%\">30 days<\/td>\r\n<\/tr>\r\n<\/tbody>\r\n<\/table>\r\n<h3>Cookies de pr\u00e9f\u00e9rence<\/h3>\r\n<span style=\"font-size: 16px;\">Les cookies de pr\u00e9f\u00e9rence permettent au site web de m\u00e9moriser des informations qui modifient le comportement ou l&rsquo;apparence du site web, comme votre langue pr\u00e9f\u00e9r\u00e9e ou la r\u00e9gion dans laquelle vous vous trouvez.<\/span>\r\n<h3>Cookies statistiques<\/h3>\r\nLes cookies statistiques aident les propri\u00e9taires de sites web \u00e0 comprendre comment les visiteurs interagissent avec les sites web en recueillant et en fournissant des informations anonymement.\r\n\r\nPour d\u00e9sactiver les cookies de Google Analytics, vous pouvez installer le module compl\u00e9mentaire de navigateur Google Analytics Opt-out qui vous permettra de ne pas envoyer d&rsquo;informations statistiques. Il est disponible sur le lien suivant : <a href=\"https:\/\/tools.google.com\/dlpage\/gaoptout?hl=es\">https:\/\/tools.google.com\/dlpage\/gaoptout?hl=es<\/a>\r\n<table width=\"97%\">\r\n<tbody>\r\n<tr>\r\n<td width=\"14%\">Name<\/td>\r\n<td width=\"23%\">Provider<\/td>\r\n<td width=\"24%\">Purpose<\/td>\r\n<td width=\"37%\">Expiration<\/td>\r\n<\/tr>\r\n<tr>\r\n<td width=\"14%\">_ga<\/td>\r\n<td width=\"23%\">Google<\/td>\r\n<td width=\"24%\">Google Analytics<\/td>\r\n<td width=\"37%\">1 year<\/td>\r\n<\/tr>\r\n<tr>\r\n<td width=\"14%\">_ga_9DKNP63DSP<\/td>\r\n<td width=\"23%\">Google<\/td>\r\n<td width=\"24%\">Google Analytics<\/td>\r\n<td width=\"37%\">1 year<\/td>\r\n<\/tr>\r\n<\/tbody>\r\n<\/table>\r\n<h3>Cookies de Marketing<\/h3>\r\n<span style=\"font-size: 16px;\">Les cookies marketing sont utilis\u00e9s pour suivre les visiteurs des sites web. L&rsquo;objectif est de montrer des publicit\u00e9s qui sont pertinentes et attrayantes pour chaque utilisateur, et donc plus int\u00e9ressantes pour les \u00e9diteurs et les annonceurs tiers.<\/span>\r\n<table width=\"97%\">\r\n<tbody>\r\n<tr>\r\n<td width=\"14%\"><strong>Name<\/strong><\/td>\r\n<td width=\"23%\"><strong>Provider<\/strong><\/td>\r\n<td width=\"24%\"><strong>Purpose<\/strong><\/td>\r\n<td width=\"37%\"><strong>Expiration<\/strong><\/td>\r\n<\/tr>\r\n<tr>\r\n<td width=\"14%\">fr<\/td>\r\n<td width=\"23%\">facebook.com<\/td>\r\n<td width=\"24%\">Ads targeting cookie for Facebook<\/td>\r\n<td width=\"37%\">3 months<\/td>\r\n<\/tr>\r\n<\/tbody>\r\n<\/table>\r\n<h4>Comment activer\/d\u00e9sactiver les cookies dans les principaux navigateurs :<\/h4>\r\nIl est g\u00e9n\u00e9ralement possible de ne plus accepter les cookies du navigateur, ou de ne plus accepter les cookies d&rsquo;un service particulier.\r\n\r\nTous les navigateurs modernes vous permettent de modifier vos param\u00e8tres de cookies. Ces param\u00e8tres se trouvent g\u00e9n\u00e9ralement dans le menu \u00ab\u00a0Options\u00a0\u00bb ou \u00ab\u00a0Pr\u00e9f\u00e9rences\u00a0\u00bb de votre navigateur. Vous pouvez \u00e9galement configurer votre navigateur ou votre gestionnaire de courrier \u00e9lectronique.\r\n\r\nDes indications sont fournies \u00e0 ci-dessous l&rsquo;Utilisateur sur la fa\u00e7on d&rsquo;acc\u00e9der au menu de configuration des cookies et, le cas \u00e9ch\u00e9ant, de la navigation priv\u00e9e dans chacun des principaux navigateurs :\r\n\r\n<strong>Internet Explorer :<\/strong> Outils -&gt; Options Internet -&gt; Confidentialit\u00e9 -&gt; Param\u00e8tres. Pour plus d&rsquo;informations, vous pouvez consulter le <a href=\"http:\/\/windows.microsoft.com\/es-ES\/windows\/support\">support de Microsoft<\/a> ou l&rsquo;aide du navigateur.\r\n\r\n<strong>Firefox :<\/strong> Outils -&gt; Options -&gt; Confidentialit\u00e9 -&gt; Historique -&gt; Param\u00e8tres personnalis\u00e9s. Pour plus d&rsquo;informations, vous pouvez consulter le <a href=\"http:\/\/support.mozilla.org\/es\/home\">support de Mozilla<\/a> ou l&rsquo;aide du navigateur.\r\n\r\n<strong>Chrome :<\/strong> Param\u00e8tres -&gt; Afficher les options avanc\u00e9es -&gt; Confidentialit\u00e9 -&gt; Param\u00e8tres de contenu. Pour plus d&rsquo;informations, vous pouvez consulter le <a href=\"http:\/\/support.google.com\/chrome\/?hl=es\">support de Google<\/a> ou l&rsquo;aide du navigateur.\r\n\r\n<strong>Safari :<\/strong> Pr\u00e9f\u00e9rences -&gt; S\u00e9curit\u00e9. Pour plus d&rsquo;informations, vous pouvez consulter le <a href=\"http:\/\/www.apple.com\/es\/support\/safari\/\">support d\u2019Apple<\/a> ou l&rsquo;aide du navigateur.\r\n<h4>Que se passe-t-il si je d\u00e9sactive les cookies ?<\/h4>\r\nCertaines fonctionnalit\u00e9s des services seront d\u00e9sactiv\u00e9es, comme, par exemple, le fait de rester connect\u00e9, etc.\t\t\t\t\t\t<\/div>\n\t\t\t\t<\/div>\n\t\t\t\t\t<\/div>\n\t\t<\/div>\n\t\t\t\t\t\t\t<\/div>\n\t\t<\/section>\n\t\t\t\t\t\t\t<\/div>\n\t\t","protected":false},"excerpt":{"rendered":"<p>POLITIQUE EN MATI\u00c8RE DE COOKIES D\u00c9FINITION et fonction g\u00e9n\u00e9rique des COOKIES Les cookies sont des identifiants que nous envoyons sur le disque dur de votre ordinateur par le biais de votre navigateur web afin que nos syst\u00e8mes puissent reconna\u00eetre votre navigateur et vous fournir certains services. En g\u00e9n\u00e9ral, ces technologies peuvent \u00eatre utilis\u00e9es \u00e0 des [&hellip;]<\/p>\n","protected":false},"author":1,"featured_media":0,"parent":0,"menu_order":0,"comment_status":"closed","ping_status":"open","template":"elementor_header_footer","meta":{"wprm-recipe-roundup-name":"","wprm-recipe-roundup-description":"","footnotes":""},"_links":{"self":[{"href":"https:\/\/eu-poultry.eu\/fr\/wp-json\/wp\/v2\/pages\/8458"}],"collection":[{"href":"https:\/\/eu-poultry.eu\/fr\/wp-json\/wp\/v2\/pages"}],"about":[{"href":"https:\/\/eu-poultry.eu\/fr\/wp-json\/wp\/v2\/types\/page"}],"author":[{"embeddable":true,"href":"https:\/\/eu-poultry.eu\/fr\/wp-json\/wp\/v2\/users\/1"}],"replies":[{"embeddable":true,"href":"https:\/\/eu-poultry.eu\/fr\/wp-json\/wp\/v2\/comments?post=8458"}],"version-history":[{"count":1,"href":"https:\/\/eu-poultry.eu\/fr\/wp-json\/wp\/v2\/pages\/8458\/revisions"}],"predecessor-version":[{"id":8459,"href":"https:\/\/eu-poultry.eu\/fr\/wp-json\/wp\/v2\/pages\/8458\/revisions\/8459"}],"wp:attachment":[{"href":"https:\/\/eu-poultry.eu\/fr\/wp-json\/wp\/v2\/media?parent=8458"}],"curies":[{"name":"wp","href":"https:\/\/api.w.org\/{rel}","templated":true}]}}