{"id":8479,"date":"2022-06-17T11:10:55","date_gmt":"2022-06-17T11:10:55","guid":{"rendered":"https:\/\/eu-poultry.eu\/politica-de-privacidad\/"},"modified":"2022-08-31T05:48:25","modified_gmt":"2022-08-31T05:48:25","slug":"politica-de-privacidad","status":"publish","type":"page","link":"https:\/\/eu-poultry.eu\/es\/politica-de-privacidad\/","title":{"rendered":"Pol\u00edtica de Privacidad"},"content":{"rendered":"\t\t<div data-elementor-type=\"wp-page\" data-elementor-id=\"8479\" class=\"elementor elementor-8479 elementor-1256\" data-elementor-post-type=\"page\">\n\t\t\t\t\t\t\t\t\t<section class=\"elementor-section elementor-top-section elementor-element elementor-element-12339fc1 elementor-section-boxed elementor-section-height-default elementor-section-height-default\" data-id=\"12339fc1\" data-element_type=\"section\">\n\t\t\t\t\t\t<div class=\"elementor-container elementor-column-gap-default\">\n\t\t\t\t\t<div class=\"elementor-column elementor-col-100 elementor-top-column elementor-element elementor-element-5e00c4e\" data-id=\"5e00c4e\" data-element_type=\"column\">\n\t\t\t<div class=\"elementor-widget-wrap elementor-element-populated\">\n\t\t\t\t\t\t\t\t<div class=\"elementor-element elementor-element-4106c4b9 elementor-widget elementor-widget-text-editor\" data-id=\"4106c4b9\" data-element_type=\"widget\" data-widget_type=\"text-editor.default\">\n\t\t\t\t<div class=\"elementor-widget-container\">\n\t\t\t<style>\/*! elementor - v3.18.0 - 20-12-2023 *\/\n.elementor-widget-text-editor.elementor-drop-cap-view-stacked .elementor-drop-cap{background-color:#69727d;color:#fff}.elementor-widget-text-editor.elementor-drop-cap-view-framed .elementor-drop-cap{color:#69727d;border:3px solid;background-color:transparent}.elementor-widget-text-editor:not(.elementor-drop-cap-view-default) .elementor-drop-cap{margin-top:8px}.elementor-widget-text-editor:not(.elementor-drop-cap-view-default) .elementor-drop-cap-letter{width:1em;height:1em}.elementor-widget-text-editor .elementor-drop-cap{float:left;text-align:center;line-height:1;font-size:50px}.elementor-widget-text-editor .elementor-drop-cap-letter{display:inline-block}<\/style>\t\t\t\t<h2>POL\u00cdTICA DE PRIVACIDAD<\/h2>\r\n<h3>\u00bfQUI\u00c9N ES EL RESPONSABLE DEL TRATAMIENTO DE SUS DATOS?<\/h3>\r\n<ul>\r\n \t<li><strong>RESPONSABLE DEL TRATAMIENTO de sus datos es:<\/strong> AVEC (Asociaci\u00f3n de Procesadores av\u00edcolas y comercio de aves de corral en los pa\u00edses de la UE ASBL<\/li>\r\n \t<li><strong>CIF:<\/strong><\/li>\r\n \t<li><strong>Direcci\u00f3n Postal: <\/strong>BirtheSteenberg \u2013 Rue du Luxembourg 47-51, B-1050 Bruselas, B\u00e9lgica<\/li>\r\n \t<li><strong>Correo electr\u00f3nico:<\/strong><a href=\"mailto:bs@avec-poultry.eu\">bs@avec-poultry.eu<\/a>\/\/ <a href=\"mailto:internacional@atlasmarketingstudio.com\">internacional@atlasmarketingstudio.com<\/a><\/li>\r\n<\/ul>\r\n<h3><a name=\"_Toc530642024\"><\/a>\u00bfQU\u00c9 TIPO DE DATOS TRATAMOS?<\/h3>\r\nDependiendo de los productos, servicios o funcionalidades de los que quiera disfrutar en cada momento necesitaremos tratar unos datos u otros.\u00a0 En general dichos datos, ser\u00e1n, seg\u00fan el caso, los siguientes:\r\n<ul>\r\n \t<li>Sus datos identificativos (Por ejemplo: Su nombre, apellido, idioma, pa\u00eds desde el que interact\u00fae con nosotros, datos de contacto, etc.)<\/li>\r\n \t<li>Datos de conexi\u00f3n, geolocalizaci\u00f3n y navegaci\u00f3n (en caso de que interact\u00fae con nosotros desde el m\u00f3vil, por ejemplo).<\/li>\r\n \t<li>Informaci\u00f3n comercial si estuviera suscrito a nuestra newsletter.<\/li>\r\n \t<li>Datos sobre sus gustos y preferencias.<\/li>\r\n<\/ul>\r\nRecuerde que, cuando le pidamos que rellene sus datos personales para darle acceso a alguna funcionalidad o servicio de la web, marcaremos algunos campos como obligatorios, puesto que son datos que necesitamos para poder prestarle el servicio o darle acceso a la funcionalidad en cuesti\u00f3n.\r\n\r\nPor favor, tenga en cuenta que, si decide no facilitarnos esos datos, es posible que no pueda completar su registro como usuario o que no pueda disfrutar de esos servicios o funcionalidades.\r\n<h3><a name=\"_Toc530642025\"><\/a>\u00bfCON QU\u00c9 FINALIDAD TRATAMOS SUS DATOS PERSONALES?<\/h3>\r\nDependiendo de c\u00f3mo interact\u00fae con nuestra web, trataremos sus datos personales para las siguientes finalidades:\r\n<ol>\r\n \t<li><strong>Para atender las solicitudes o peticiones que realice a trav\u00e9s de los distintos medios incorporados a nuestra web. <\/strong><\/li>\r\n<\/ol>\r\nS\u00f3lo tratamos los datos personales que sean estrictamente necesarios para gestionar o resolver su solicitud o petici\u00f3n.\r\n<ol>\r\n \t<li><strong>Para fines de marketing. <\/strong><\/li>\r\n<\/ol>\r\nEn la medida en que se suscriba a nuestra Newsletter, sus datos personales ser\u00e1n utilizados para la remisi\u00f3n peri\u00f3dica de boletines informativos de la empresa.\r\n\r\nDebe recordar que puede darse de baja de la Newsletter, en cualquier momento y sin coste,poni\u00e9ndose en contacto con nosotros a trav\u00e9s del correo electr\u00f3nicodel responsable de tratamiento o siguiendo las indicaciones que le ofreceremos en cada una de nuestras comunicaciones.\r\n<ol>\r\n \t<li><strong>Para la gesti\u00f3n de redes sociales<\/strong><\/li>\r\n<\/ol>\r\nEn el caso de que nos siga o nos contacte a trav\u00e9s de las diferentes redes sociales en las que estamos presentes, trataremos los datos que usted nos proporcione a trav\u00e9s de las mismas. con la \u00fanica finalidad de dar respuesta a sus mensajes o comentarios y la gesti\u00f3n de nuestra lista de contactos.\r\n<ol>\r\n \t<li><strong>An\u00e1lisis de usabilidad y de calidad para la mejora de nuestros servicios (Cookies)<\/strong><\/li>\r\n<\/ol>\r\nSi accede a nuestra Plataforma, le informamos de que trataremos sus datos de navegaci\u00f3n para fines anal\u00edticos y estad\u00edsticos, es decir, para entender la forma en la que los usuarios interact\u00faan con nuestra Plataforma y as\u00ed ser capaces de introducir mejoras en la misma. As\u00ed mismo, en ocasiones, realizamos acciones y encuestas de calidad destinadas a conocer el grado de satisfacci\u00f3n de nuestros clientes y usuarios y detectar aquellas \u00e1reas en las que podemos mejorar.\r\n<h3><a name=\"_Toc530642026\"><\/a>\u00bfCU\u00c1L ES LA LEGITIMACI\u00d3N PARA EL TRATAMIENTO DE SUS DATOS?<\/h3>\r\nLa base legal que nos permite tratar sus datos personales tambi\u00e9n depende de la finalidad para la que los tratemos, de este modo encontraremos distintas bases legales en virtud de las siguientes finalidades:\r\n<ol>\r\n \t<li><strong>\u00a0Atenci\u00f3n solicitudes de informaci\u00f3n.<\/strong><\/li>\r\n<\/ol>\r\nLa base legal para el tratamiento de sus datos es el consentimiento informado para dar respuesta a las consultas planteadas a trav\u00e9s de la p\u00e1gina web, lo que supone la aceptaci\u00f3n de estas condiciones por parte del interesado.\r\n<ol>\r\n \t<li><strong>Marketing.<\/strong><\/li>\r\n<\/ol>\r\nLa base leg\u00edtima para tratar sus datos con finalidades de marketing es el consentimiento que usted presta.\r\n<ol start=\"3\">\r\n \t<li><strong>Redes sociales<\/strong><\/li>\r\n<\/ol>\r\nLa base de legitimaci\u00f3n es el consentimiento informado para dar respuesta a las consultas planteadas a trav\u00e9s de la red social, as\u00ed como el momento en el que nos sigue y desea forma parte de nuestra lista de contactos.\r\n<ol>\r\n \t<li><strong>An\u00e1lisis de usabilidad y de calidad (Cookies)<\/strong><\/li>\r\n<\/ol>\r\nConsentimiento del usuario para la implantaci\u00f3n de cookies.\r\n<h3><a name=\"_Toc530642027\"><\/a>\u00bfDURANTE CU\u00c1NTO TIEMPO CONSERVAREMOS SUS DATOS?<\/h3>\r\n<ol>\r\n \t<li><strong>Solicitud de informaci\u00f3n.<\/strong><\/li>\r\n<\/ol>\r\nTrataremos sus datos durante el tiempo que sea necesario para atender su solicitud o petici\u00f3n y posteriormente 1 a\u00f1o.\r\n<ol>\r\n \t<li><strong>Marketing<\/strong><\/li>\r\n<\/ol>\r\nTrataremos sus datos hasta que solicite la baja o cancele su suscripci\u00f3n a la newsletter.\r\n<ol start=\"3\">\r\n \t<li><strong>Redes sociales<\/strong><\/li>\r\n<\/ol>\r\nTrataremos sus datos durante el tiempo que sea necesario para atender su solicitud o petici\u00f3n y mientras sea seguidor de nuestro perfil.\r\n<h3><a name=\"_Toc530642028\"><\/a>\u00bfCOMPARTIREMOS SUS DATOS CON TERCEROS?<\/h3>\r\nLos datos personales no ser\u00e1n cedidos o comunicados a terceros, salvo: obligaci\u00f3n legal, obtengamos su consentimiento expreso o entendamos que existe un inter\u00e9s leg\u00edtimo por nuestra parte, que le ser\u00e1 debidamente comunicado.\r\n\r\nNo obstante, le informamos que estamos presentes en las siguientes redes sociales.: Facebook, Instagram y Pinterest, para mantener a nuestros seguidores informados respecto de las novedades y servicios de la empresa.\r\n\r\nUsted puede acceder a estas redes sociales de manera voluntaria y a trav\u00e9s de los enlaces disponibles en la propia p\u00e1gina web o accediendo directamente y por su cuenta desde el navegador o app instalada.\r\n\r\nDebe saber, que este sitio web no se hace responsable del uso de los datos que estas redes sociales pueden realizar. Sin embargo, cuando estos datos se generen en la red social y deriven de una interacci\u00f3n con nuestra cuenta oficial, seremos corresponsables del tratamiento junto con la red social.\r\n\r\nPara poder consentir nuestra cesi\u00f3n desde este sitio web y el tratamiento que se realiza de sus datos, deber\u00e1 leer detenidamente la pol\u00edtica de privacidad de la red social a la que desee acceder:\r\n<ul>\r\n \t<li>Facebook: <a href=\"https:\/\/es-es.facebook.com\/privacy\/explanation\">https:\/\/es-es.facebook.com\/privacy\/explanation<\/a><\/li>\r\n \t<li>Instagram: <a href=\"https:\/\/privacycenter.instagram.com\/policy\/\">https:\/\/privacycenter.instagram.com\/policy\/<\/a><\/li>\r\n \t<li>Pinterest: <a href=\"https:\/\/policy.pinterest.com\/es\/privacy-policy\">https:\/\/policy.pinterest.com\/es\/privacy-policy<\/a><\/li>\r\n<\/ul>\r\nDe esta manera, antes de pinchar en los logos de las RR. SS. presentes en nuestra p\u00e1gina web, puede informarse y realizar un redireccionamiento con previo conocimiento del tratamiento de sus datos y de manera voluntaria.\r\n\r\nNo obstante, le informamos que el sitio web contiene enlaces externos a:\r\n<ul>\r\n \t<li>AVEC: Asociaci\u00f3n de Procesadores de Aves de Corral y Comercio de Aves de Corral en los pa\u00edses de la UE (avec-poultry.eu)<\/li>\r\n \t<li>BVG: ZDG &#8211; ZentralverbandderDeutschenGefl\u00fcgelwirtschafte.V. (zdg-online.de)<\/li>\r\n \t<li>AVIANZA: Avianza &#8211; SpanishInterprofessionalAssociationofPoultryMeat.<\/li>\r\n \t<li>CIPC: Accueil &#8211; VolailleFran\u00e7aise (volaille-francaise.fr)<\/li>\r\n<\/ul>\r\n<h3><a name=\"_Toc530642029\"><\/a>\u00bfCU\u00c1LES SON SUS DERECHOS CUANDO NOS FACILITA SUS DATOS?<\/h3>\r\nNos comprometemos a respetar la confidencialidad de sus datos personales y a garantizarle el ejercicio de sus derechos.\r\n\r\nPodr\u00e1 ejercitarlos sin coste alguno remiti\u00e9ndonos un correo electr\u00f3nico a nuestra direcci\u00f3n<a href=\"mailto:internacional@atlasmarketingstudio.com\">internacional@atlasmarketingstudio.com<\/a>, simplemente indic\u00e1ndonos el motivo de su solicitud y el derecho que quiere ejercitar.\r\n\r\nEn caso de que lo consideremos necesario para poder identificarle, podremos solicitarle copia de un documento acreditativo de su identidad. En particular, independientemente de la finalidad o la base legal en virtud de la que tratemos sus datos, usted tiene derecho a:\r\n\r\nPedirnos acceso a los datos suyos de los que disponemos.\r\n\r\nPedirnos que rectifiquemos los datos de los que ya disponemos. Tenga en cuenta que, al facilitarnos activamente sus datos personales por cualquier v\u00eda, garantiza que son ciertos y exactos y se comprometes a notificarnos cualquier cambio o modificaci\u00f3n de los mismos.\r\n\r\nPedirnos que suprimamos sus datos en la medida en que ya no sean necesarios para la finalidad para los que necesitemos tratarlos seg\u00fan te hemos informado con anterioridad, o en que ya no contemos con legitimaci\u00f3n para hacerlo.\r\n\r\nPedirnos que limitemos el tratamiento de sus datos, lo que supone que en determinados casos pueda solicitarnos que suspendamos temporalmente el tratamiento de los datos o que los conservemos m\u00e1s all\u00e1 del tiempo necesario cuando puedas necesitarlo. Si nos ha proporcionado su consentimiento para el tratamiento de sus datos para cualquier finalidad, tambi\u00e9n tiene derecho a retirarlo en cualquier momento.\r\n\r\nRecibir aquellos datos personales que le incumban y que nos haya facilitado, en un formato estructurado, de uso com\u00fan y lectura mec\u00e1nica, as\u00ed como a transmitirlos a otro responsable del tratamiento.\r\n\r\nPor otra parte, cuando el tratamiento de sus datos est\u00e9 basado en nuestro inter\u00e9s leg\u00edtimo, tambi\u00e9n tendr\u00e1s derecho a oponerte al tratamiento de sus datos.\r\n\r\nPor \u00faltimo, le informamos de su derecho a presentar una reclamaci\u00f3n ante la autoridad de control en materia de protecci\u00f3n de datos pertinente, en particular, ante la Agencia Espa\u00f1ola de Protecci\u00f3n de Datos <a href=\"https:\/\/www.agpd.es\/portalwebAGPD\/index-ides-idphp.php\">https:\/\/www.agpd.es\/portalwebAGPD\/index-ides-idphp.php<\/a>\r\n<h2><a name=\"_Toc530642030\"><\/a>CAMBIOS A LA POL\u00cdTICA DE PRIVACIDAD.<\/h2>\r\nEs posible que modifiquemos la informaci\u00f3n contenida en esta Pol\u00edtica de Privacidad cuando lo estimemos conveniente. En caso de que lo hagamos, se lo notificaremos por distintas v\u00edas a trav\u00e9s de la Plataforma, o incluso se lo comunicaremos a su direcci\u00f3n de correo electr\u00f3nico cuando el cambio en cuesti\u00f3n sea significativo para con su privacidad, de manera que pueda revisar los cambios, valorarlos y, en su caso, oponerse o darse de baja en alg\u00fan servicio o funcionalidad.\r\n<h2><a name=\"_Toc530642031\"><\/a>INFORMACI\u00d3N SOBRE COOKIES<\/h2>\r\nUtilizamos cookies y dispositivos similares para facilitar su navegaci\u00f3n en la Plataforma, conocer c\u00f3mo interact\u00faa con nosotros y, en determinados casos, poder mostrarle publicidad en funci\u00f3n de sus h\u00e1bitos de navegaci\u00f3n. Por favor, lea nuestra <strong>Pol\u00edtica de Cookies<\/strong> para conocer con mayor detalle las cookies y dispositivos similares que usamos, su finalidad y otra informaci\u00f3n de inter\u00e9s.\t\t\t\t\t\t<\/div>\n\t\t\t\t<\/div>\n\t\t\t\t\t<\/div>\n\t\t<\/div>\n\t\t\t\t\t\t\t<\/div>\n\t\t<\/section>\n\t\t\t\t\t\t\t<\/div>\n\t\t","protected":false},"excerpt":{"rendered":"<p>POL\u00cdTICA DE PRIVACIDAD \u00bfQUI\u00c9N ES EL RESPONSABLE DEL TRATAMIENTO DE SUS DATOS? RESPONSABLE DEL TRATAMIENTO de sus datos es: AVEC (Asociaci\u00f3n de Procesadores av\u00edcolas y comercio de aves de corral en los pa\u00edses de la UE ASBL CIF: Direcci\u00f3n Postal: BirtheSteenberg \u2013 Rue du Luxembourg 47-51, B-1050 Bruselas, B\u00e9lgica Correo electr\u00f3nico:bs@avec-poultry.eu\/\/ internacional@atlasmarketingstudio.com \u00bfQU\u00c9 TIPO DE [&hellip;]<\/p>\n","protected":false},"author":1,"featured_media":0,"parent":0,"menu_order":0,"comment_status":"closed","ping_status":"open","template":"elementor_header_footer","meta":{"wprm-recipe-roundup-name":"","wprm-recipe-roundup-description":"","footnotes":""},"_links":{"self":[{"href":"https:\/\/eu-poultry.eu\/es\/wp-json\/wp\/v2\/pages\/8479"}],"collection":[{"href":"https:\/\/eu-poultry.eu\/es\/wp-json\/wp\/v2\/pages"}],"about":[{"href":"https:\/\/eu-poultry.eu\/es\/wp-json\/wp\/v2\/types\/page"}],"author":[{"embeddable":true,"href":"https:\/\/eu-poultry.eu\/es\/wp-json\/wp\/v2\/users\/1"}],"replies":[{"embeddable":true,"href":"https:\/\/eu-poultry.eu\/es\/wp-json\/wp\/v2\/comments?post=8479"}],"version-history":[{"count":1,"href":"https:\/\/eu-poultry.eu\/es\/wp-json\/wp\/v2\/pages\/8479\/revisions"}],"predecessor-version":[{"id":8480,"href":"https:\/\/eu-poultry.eu\/es\/wp-json\/wp\/v2\/pages\/8479\/revisions\/8480"}],"wp:attachment":[{"href":"https:\/\/eu-poultry.eu\/es\/wp-json\/wp\/v2\/media?parent=8479"}],"curies":[{"name":"wp","href":"https:\/\/api.w.org\/{rel}","templated":true}]}}