{"id":8454,"date":"2022-06-08T12:57:23","date_gmt":"2022-06-08T12:57:23","guid":{"rendered":"https:\/\/eu-poultry.eu\/cookie-policy\/"},"modified":"2022-08-31T09:34:57","modified_gmt":"2022-08-31T09:34:57","slug":"politica-de-cookies","status":"publish","type":"page","link":"https:\/\/eu-poultry.eu\/es\/politica-de-cookies\/","title":{"rendered":"Pol\u00edtica de Cookies"},"content":{"rendered":"\t\t<div data-elementor-type=\"wp-page\" data-elementor-id=\"8454\" class=\"elementor elementor-8454 elementor-3\" data-elementor-post-type=\"page\">\n\t\t\t\t\t\t\t\t\t<section class=\"elementor-section elementor-top-section elementor-element elementor-element-12339fc1 elementor-section-boxed elementor-section-height-default elementor-section-height-default\" data-id=\"12339fc1\" data-element_type=\"section\">\n\t\t\t\t\t\t<div class=\"elementor-container elementor-column-gap-default\">\n\t\t\t\t\t<div class=\"elementor-column elementor-col-100 elementor-top-column elementor-element elementor-element-5e00c4e\" data-id=\"5e00c4e\" data-element_type=\"column\">\n\t\t\t<div class=\"elementor-widget-wrap elementor-element-populated\">\n\t\t\t\t\t\t\t\t<div class=\"elementor-element elementor-element-4106c4b9 elementor-widget elementor-widget-text-editor\" data-id=\"4106c4b9\" data-element_type=\"widget\" data-widget_type=\"text-editor.default\">\n\t\t\t\t<div class=\"elementor-widget-container\">\n\t\t\t<style>\/*! elementor - v3.18.0 - 20-12-2023 *\/\n.elementor-widget-text-editor.elementor-drop-cap-view-stacked .elementor-drop-cap{background-color:#69727d;color:#fff}.elementor-widget-text-editor.elementor-drop-cap-view-framed .elementor-drop-cap{color:#69727d;border:3px solid;background-color:transparent}.elementor-widget-text-editor:not(.elementor-drop-cap-view-default) .elementor-drop-cap{margin-top:8px}.elementor-widget-text-editor:not(.elementor-drop-cap-view-default) .elementor-drop-cap-letter{width:1em;height:1em}.elementor-widget-text-editor .elementor-drop-cap{float:left;text-align:center;line-height:1;font-size:50px}.elementor-widget-text-editor .elementor-drop-cap-letter{display:inline-block}<\/style>\t\t\t\t<h1>POL\u00cdTICA DE COOKIES<\/h1>\r\n<h2>DEFINICI\u00d3N y funci\u00f3n gen\u00e9rica de las COOKIES<\/h2>\r\nLas cookies son identificadores que enviamos al disco duro de su ordenador a trav\u00e9s de su navegador Web con el fin de que nuestros sistemas puedan reconocer su navegador y ofrecerle ciertos servicios.\r\n\r\nEn general, estas tecnolog\u00edas pueden servir para finalidades muy diferentes, por ejemplo, reconocerte como usuario, obtener informaci\u00f3n sobre tus h\u00e1bitos de navegaci\u00f3n, o personalizar la forma en que se muestra el contenido.\r\n\r\nEsta p\u00e1gina utiliza tipos diferentes de cookies. Algunas cookies son colocadas por servicios de terceros que aparecen en nuestras p\u00e1ginas. En algunos casos, al utilizar un motor de b\u00fasqueda Google, es posible que haya aceptado sus propias cookies. Estas cookies de Google son instaladas aun cuando usted no haya aceptado nuestras cookies propias y\/o de terceros.\r\n\r\nA continuaci\u00f3n, indicamos las cookies que utiliza la p\u00e1gina web.\r\n<h2>COOKIES UTILIZADAS<\/h2>\r\n<h3>Cookies necesarias<\/h3>\r\nLas cookies necesarias ayudan a hacer una p\u00e1gina web utilizable activando funciones b\u00e1sicas como la navegaci\u00f3n en la p\u00e1gina y el acceso a \u00e1reas seguras de la p\u00e1gina web. La p\u00e1gina web no puede funcionar adecuadamente sin estas cookies.\r\n<table width=\"97%\">\r\n<tbody>\r\n<tr>\r\n<td width=\"14%\">Name<\/td>\r\n<td width=\"23%\">Provider<\/td>\r\n<td width=\"24%\">Purpose<\/td>\r\n<td width=\"37%\">Expiration<\/td>\r\n<\/tr>\r\n<tr>\r\n<td width=\"14%\">last_pys_landing_page<\/td>\r\n<td width=\"23%\">eu-poultry.eu<\/td>\r\n<td width=\"24%\">Website Performance<\/td>\r\n<td width=\"37%\">30 days<\/td>\r\n<\/tr>\r\n<tr>\r\n<td width=\"14%\">pys_session_limit<\/td>\r\n<td width=\"23%\">eu-poultry.eu<\/td>\r\n<td width=\"24%\">Website Performance<\/td>\r\n<td width=\"37%\">30 days<\/td>\r\n<\/tr>\r\n<tr>\r\n<td width=\"14%\">pys_landing_page<\/td>\r\n<td width=\"23%\">eu-poultry.eu<\/td>\r\n<td width=\"24%\">Website Performance<\/td>\r\n<td width=\"37%\">30 days<\/td>\r\n<\/tr>\r\n<tr>\r\n<td width=\"14%\">pys_first_visit<\/td>\r\n<td width=\"23%\">eu-poultry.eu<\/td>\r\n<td width=\"24%\">Website Performance<\/td>\r\n<td width=\"37%\">30 days<\/td>\r\n<\/tr>\r\n<tr>\r\n<td width=\"14%\">pys_start_session<\/td>\r\n<td width=\"23%\">eu-poultry.eu<\/td>\r\n<td width=\"24%\">Website Performance &#8211; User sesion<\/td>\r\n<td width=\"37%\">30 days<\/td>\r\n<\/tr>\r\n<tr>\r\n<td width=\"14%\">last_pysTrafficSource<\/td>\r\n<td width=\"23%\">eu-poultry.eu<\/td>\r\n<td width=\"24%\">Website Performance<\/td>\r\n<td width=\"37%\">30 days<\/td>\r\n<\/tr>\r\n<tr>\r\n<td width=\"14%\">pysTrafficSource<\/td>\r\n<td width=\"23%\">eu-poultry.eu<\/td>\r\n<td width=\"24%\">Website Performance<\/td>\r\n<td width=\"37%\">30 days<\/td>\r\n<\/tr>\r\n<\/tbody>\r\n<\/table>\r\n<h3>Cookies de preferencias<\/h3>\r\nLas cookies de preferencias permiten a la p\u00e1gina web recordar informaci\u00f3n que cambia la forma en que la p\u00e1gina se comporta o el aspecto que tiene, como su idioma preferido o la regi\u00f3n en la que usted se encuentra.\r\n<h3>Cookies de estad\u00edsticas<\/h3>\r\nLas cookies estad\u00edsticas ayudan a los propietarios de p\u00e1ginas web a comprender c\u00f3mo interact\u00faan los visitantes con las p\u00e1ginas web reuniendo y proporcionando informaci\u00f3n de forma an\u00f3nima.\r\n\r\nPara deshabilitar las cookies de Google Analytics, puede instalar el Complemento inhabilitaci\u00f3n para navegadores de Google Analytics que le permitir\u00e1 no mandar informaci\u00f3n estad\u00edstica. Lo tiene disponible en el siguiente enlace: <a href=\"https:\/\/tools.google.com\/dlpage\/gaoptout?hl=es\">https:\/\/tools.google.com\/dlpage\/gaoptout?hl=es<\/a>\r\n<table width=\"97%\">\r\n<tbody>\r\n<tr>\r\n<td width=\"14%\">Name<\/td>\r\n<td width=\"23%\">Provider<\/td>\r\n<td width=\"24%\">Purpose<\/td>\r\n<td width=\"37%\">Expiration<\/td>\r\n<\/tr>\r\n<tr>\r\n<td width=\"14%\">_ga<\/td>\r\n<td width=\"23%\">Google<\/td>\r\n<td width=\"24%\">Google Analytics<\/td>\r\n<td width=\"37%\">1 year<\/td>\r\n<\/tr>\r\n<tr>\r\n<td width=\"14%\">_ga_9DKNP63DSP<\/td>\r\n<td width=\"23%\">Google<\/td>\r\n<td width=\"24%\">Google Analytics<\/td>\r\n<td width=\"37%\">1 year<\/td>\r\n<\/tr>\r\n<\/tbody>\r\n<\/table>\r\n<h3>Cookies de Marketing<\/h3>\r\nLas cookies de marketing se utilizan para rastrear a los visitantes en las p\u00e1ginas web. La intenci\u00f3n es mostrar anuncios relevantes y atractivos para el usuario individual, y por lo tanto, m\u00e1s valiosos para los editores y terceros anunciantes.\r\n<table width=\"97%\">\r\n<tbody>\r\n<tr>\r\n<td width=\"14%\"><strong>Name<\/strong><\/td>\r\n<td width=\"23%\"><strong>Provider<\/strong><\/td>\r\n<td width=\"24%\"><strong>Purpose<\/strong><\/td>\r\n<td width=\"37%\"><strong>Expiration<\/strong><\/td>\r\n<\/tr>\r\n<tr>\r\n<td width=\"14%\">fr<\/td>\r\n<td width=\"23%\">facebook.com<\/td>\r\n<td width=\"24%\">Ads targeting cookie for Facebook<\/td>\r\n<td width=\"37%\">3 months<\/td>\r\n<\/tr>\r\n<\/tbody>\r\n<\/table>\r\n<h4>C\u00f3mo habilitar\/deshabilitar las Cookies en los principales navegadores:<\/h4>\r\nNormalmente es posible dejar de aceptar las Cookies del navegador, o dejar de aceptar las Cookies de un Servicio en particular.\r\n\r\nTodos los navegadores modernos permiten cambiar la configuraci\u00f3n de Cookies. Estos ajustes normalmente se encuentran en las \u2018opciones\u2019 o \u2018Preferencias\u2019 del men\u00fa de su navegador. Asimismo, puede configurar su navegador o su gestor de correo electr\u00f3nico.\r\n\r\nA continuaci\u00f3n, se ofrece orientaci\u00f3n al Usuario sobre los pasos para acceder al men\u00fa de configuraci\u00f3n de las cookies y, en su caso, de la navegaci\u00f3n privada en cada uno de los navegadores principales:\r\n\r\n<strong>Internet Explorer:<\/strong> Herramientas -&gt; Opciones de Internet\u00a0-&gt; Privacidad\u00a0-&gt; Configuraci\u00f3n. Para m\u00e1s informaci\u00f3n, puede consultar el <a href=\"http:\/\/windows.microsoft.com\/es-ES\/windows\/support\">soporte de Microsoft<\/a> o la Ayuda del navegador.\r\n\r\n<strong>Firefox:<\/strong> Herramientas\u00a0-&gt; Opciones\u00a0-&gt; Privacidad\u00a0-&gt; Historial\u00a0-&gt; Configuraci\u00f3n Personalizada. Para m\u00e1s informaci\u00f3n, puede consultar el <a href=\"http:\/\/support.mozilla.org\/es\/home\">soporte de Mozilla<\/a> o la Ayuda del navegador.\r\n\r\n<strong>Chrome:<\/strong> Configuraci\u00f3n\u00a0-&gt; Mostrar opciones avanzadas\u00a0-&gt; Privacidad\u00a0-&gt; Configuraci\u00f3n de contenido. Para m\u00e1s informaci\u00f3n, puede consultar el <a href=\"http:\/\/support.google.com\/chrome\/?hl=es\">soporte de Google<\/a> o la Ayuda del navegador.\r\n\r\n<strong>Safari:<\/strong> Preferencias\u00a0-&gt; Seguridad. Para m\u00e1s informaci\u00f3n, puede consultar el <a href=\"http:\/\/www.apple.com\/es\/support\/safari\/\">soporte de Apple<\/a> o la Ayuda del navegador.\r\n<h4>\u00bfQu\u00e9 ocurre si se deshabilitan las Cookies?<\/h4>\r\nAlgunas funcionalidades de los Servicios quedar\u00e1n deshabilitadas como, por ejemplo, permanecer\u00a0identificado, etc.\t\t\t\t\t\t<\/div>\n\t\t\t\t<\/div>\n\t\t\t\t\t<\/div>\n\t\t<\/div>\n\t\t\t\t\t\t\t<\/div>\n\t\t<\/section>\n\t\t\t\t\t\t\t<\/div>\n\t\t","protected":false},"excerpt":{"rendered":"<p>POL\u00cdTICA DE COOKIES DEFINICI\u00d3N y funci\u00f3n gen\u00e9rica de las COOKIES Las cookies son identificadores que enviamos al disco duro de su ordenador a trav\u00e9s de su navegador Web con el fin de que nuestros sistemas puedan reconocer su navegador y ofrecerle ciertos servicios. En general, estas tecnolog\u00edas pueden servir para finalidades muy diferentes, por ejemplo, [&hellip;]<\/p>\n","protected":false},"author":1,"featured_media":0,"parent":0,"menu_order":0,"comment_status":"closed","ping_status":"open","template":"elementor_header_footer","meta":{"wprm-recipe-roundup-name":"","wprm-recipe-roundup-description":"","footnotes":""},"_links":{"self":[{"href":"https:\/\/eu-poultry.eu\/es\/wp-json\/wp\/v2\/pages\/8454"}],"collection":[{"href":"https:\/\/eu-poultry.eu\/es\/wp-json\/wp\/v2\/pages"}],"about":[{"href":"https:\/\/eu-poultry.eu\/es\/wp-json\/wp\/v2\/types\/page"}],"author":[{"embeddable":true,"href":"https:\/\/eu-poultry.eu\/es\/wp-json\/wp\/v2\/users\/1"}],"replies":[{"embeddable":true,"href":"https:\/\/eu-poultry.eu\/es\/wp-json\/wp\/v2\/comments?post=8454"}],"version-history":[{"count":2,"href":"https:\/\/eu-poultry.eu\/es\/wp-json\/wp\/v2\/pages\/8454\/revisions"}],"predecessor-version":[{"id":8525,"href":"https:\/\/eu-poultry.eu\/es\/wp-json\/wp\/v2\/pages\/8454\/revisions\/8525"}],"wp:attachment":[{"href":"https:\/\/eu-poultry.eu\/es\/wp-json\/wp\/v2\/media?parent=8454"}],"curies":[{"name":"wp","href":"https:\/\/api.w.org\/{rel}","templated":true}]}}