{"id":8492,"date":"2022-08-31T05:49:08","date_gmt":"2022-08-31T05:49:08","guid":{"rendered":"https:\/\/eu-poultry.eu\/rechtliche-hinweise\/"},"modified":"2022-08-31T05:53:54","modified_gmt":"2022-08-31T05:53:54","slug":"rechtliche-hinweise","status":"publish","type":"page","link":"https:\/\/eu-poultry.eu\/de\/rechtliche-hinweise\/","title":{"rendered":"Rechtliche Hinweise"},"content":{"rendered":"\t\t<div data-elementor-type=\"wp-page\" data-elementor-id=\"8492\" class=\"elementor elementor-8492 elementor-8481\" data-elementor-post-type=\"page\">\n\t\t\t\t\t\t\t\t\t<section class=\"elementor-section elementor-top-section elementor-element elementor-element-12339fc1 elementor-section-boxed elementor-section-height-default elementor-section-height-default\" data-id=\"12339fc1\" data-element_type=\"section\">\n\t\t\t\t\t\t<div class=\"elementor-container elementor-column-gap-default\">\n\t\t\t\t\t<div class=\"elementor-column elementor-col-100 elementor-top-column elementor-element elementor-element-5e00c4e\" data-id=\"5e00c4e\" data-element_type=\"column\">\n\t\t\t<div class=\"elementor-widget-wrap elementor-element-populated\">\n\t\t\t\t\t\t\t\t<div class=\"elementor-element elementor-element-4106c4b9 elementor-widget elementor-widget-text-editor\" data-id=\"4106c4b9\" data-element_type=\"widget\" data-widget_type=\"text-editor.default\">\n\t\t\t\t<div class=\"elementor-widget-container\">\n\t\t\t<style>\/*! elementor - v3.18.0 - 20-12-2023 *\/\n.elementor-widget-text-editor.elementor-drop-cap-view-stacked .elementor-drop-cap{background-color:#69727d;color:#fff}.elementor-widget-text-editor.elementor-drop-cap-view-framed .elementor-drop-cap{color:#69727d;border:3px solid;background-color:transparent}.elementor-widget-text-editor:not(.elementor-drop-cap-view-default) .elementor-drop-cap{margin-top:8px}.elementor-widget-text-editor:not(.elementor-drop-cap-view-default) .elementor-drop-cap-letter{width:1em;height:1em}.elementor-widget-text-editor .elementor-drop-cap{float:left;text-align:center;line-height:1;font-size:50px}.elementor-widget-text-editor .elementor-drop-cap-letter{display:inline-block}<\/style>\t\t\t\t<h1>Rechtliche Hinweise<\/h1>\r\nBitte lesen Sie alle Abschnitte dieses rechtlichen Hinweises, bevor Sie diese Website nutzen. Die folgenden Bedingungen sind f\u00fcr jeden Benutzer verbindlich.\r\n\r\nIn \u00dcbereinstimmung mit der Informationspflicht gem\u00e4\u00df dem Gesetz 34\/2002 \u00fcber Dienste der Informationsgesellschaft und des elektronischen Gesch\u00e4ftsverkehrs (LSSI-CE) vom 11. Juli werden die folgenden allgemeinen Informationsdaten dieser Website zur Verf\u00fcgung gestellt.\r\n\r\nDer Grund f\u00fcr diesen Text ist es, die Funktionalit\u00e4ten dieser Website im Detail zu erl\u00e4utern und Ihnen Informationen \u00fcber den Eigent\u00fcmer der Website und den Zweck der darin enthaltenen Inhalte zur pr\u00e4sentieren.\r\n<h2>IDENTIFIKATIONSDATEN<\/h2>\r\nDieser rechtliche Hinweis regelt die Nutzung des Website-Dienstes, der Sie in \u00dcbereinstimmung mit dem Gesetz 34\/2002 vom 11. Juli \u00fcber Dienste der Informationsgesellschaft und den elektronischen Gesch\u00e4ftsverkehr \u00fcber die folgenden Punkte informiert:\r\n\r\n<strong>Firmenname:<\/strong> AVEC (AssociationofPoultryProcessors and Poultry Trade in EU Countries ASBL)\r\n\r\n<strong>Sitz der Gesellschaft: <\/strong>Birthe Steenberg \u2013 Rue du Luxembourg 47-51, B-1050 Br\u00fcssel, Belgien\r\n\r\n<strong>E-Mail: <\/strong><a href=\"mailto:bs@avec-poultry.eu\">bs@avec-poultry.eu<\/a> \/\/ <a href=\"mailto:internacional@atlasmarketingstudio.com\">internacional@atlasmarketingstudio.com<\/a>\r\n\r\n<strong>Telefon: <\/strong>+32 2 238 10 82\/83\r\n\r\n<strong>Steueridentifikationsnummer (CIF):\u00ad\u00ad\u00ad<\/strong>\r\n\r\n<strong>Registrierungsdaten: <\/strong>\r\n<h2>NUTZUNG DER WEBSITE UND PFLICHTEN DER NUTZER.<\/h2>\r\nDer Nutzer verpflichtet sich dazu, die Website, deren Inhalt und Dienste zu nutzen, ohne gegen geltende Gesetze, allgemein anerkannte Nutzungen und die \u00f6ffentliche Ordnung zu versto\u00dfen. Es ist verboten, die Website f\u00fcr illegale oder sch\u00e4dliche Zwecke gegen AVEC oder Dritte zu nutzen, die in irgendeiner Weise Sch\u00e4den verursachen oder die normale Nutzung der Website behindern k\u00f6nnten.\r\n\r\nAVEC garantiert, dass die vom Portal angebotenen Inhalte und Dienstleistungen den Grundsatz der W\u00fcrde der Person, des Jugend- und Kindheitsschutzes, der Nichtdiskriminierung aufgrund von Rasse, Geschlecht, Religion, Meinung, Nationalit\u00e4t, Behinderung oder anderen pers\u00f6nlichen und sozialen Aspekten respektieren.\r\n\r\nDiese Allgemeinen Nutzungsbedingungen der Website verleihen dem Nutzer keine Rechte zur Nutzung, \u00c4nderung, Verwertung, Vervielf\u00e4ltigung, Verbreitung oder \u00f6ffentlichen Wiedergabe der Inhalte der Website, wiein diesem Text ausdr\u00fccklich vorgesehen.\r\n\r\nDie auf dem Portal gesammelten Inhalte (Informationen, Ton- und\/oder Bilddateien, Fotos, Designs usw.) sind Eigentum von AVEC oder wurden von den rechtm\u00e4\u00dfigen Eigent\u00fcmern zur Verbreitung autorisiert.\r\n\r\nAVEC verpflichtet sich, keine irref\u00fchrende Werbung zu betreiben. Daher ist folgendes verboten:\r\n<ul>\r\n \t<li>Die Verwendung f\u00fcr alle Arten von kommerziellen oder Werbezwecken, au\u00dfer denen, die strengstens erlaubt sind.<\/li>\r\n \t<li>Die Vervielf\u00e4ltigung, Ver\u00f6ffentlichung, Verbreitung oder \u00c4nderung der Inhalte, ganz oder teilweise, es sei denn, Sie haben die vorherige schriftliche Genehmigung der rechtm\u00e4\u00dfigen Eigent\u00fcmer oder es ist gesetzlich erlaubt.<\/li>\r\n \t<li>Jede Verletzung der Rechte von AVEC oder seiner rechtm\u00e4\u00dfigen Eigent\u00fcmer.<\/li>\r\n<\/ul>\r\n<h2>GEISTIGES UND GEWERBLICHES EIGENTUM<\/h2>\r\nDer Benutzer erkennt an und akzeptiert, dass alle gewerblichen und geistigen Eigentumsrechte an den Inhalten und\/oder anderen auf der Website eingef\u00fcgten Elementen ATLAS AVEC geh\u00f6ren oder ordnungsgem\u00e4\u00df zur Verbreitung auf dieser Website autorisiert sind.\r\n\r\nF\u00fcr den Fall, dass ein Benutzer oder ein Dritter der Ansicht ist, dass durch die Einf\u00fchrung eines bestimmten Inhalts auf der Website eine Verletzung seiner legitimen Rechte an geistigem Eigentum vorliegt, muss er AVEC \u00fcber diesen Umstand informieren und Folgendes angeben:\r\n<ul>\r\n \t<li>Daten des Inhabers der angeblich verletzten Rechte oder deren Vertretung, mit der er handelt, falls die Forderung von einem anderen Dritten als der interessierten Partei eingereicht wird.<\/li>\r\n \t<li>Erl\u00e4uterung der durch geistige Eigentumsrechte gesch\u00fctzten Inhalte und ihren Standort im Web, die Akkreditierung der angegebenen Rechte an geistigem Eigentum und eine ausdr\u00fcckliche Erkl\u00e4rung, in der die interessierte Partei f\u00fcr die Richtigkeit der in der Mitteilung enthaltenen Informationen verantwortlich ist.<\/li>\r\n<\/ul>\r\n<h2>LINKS<\/h2>\r\nDiese Website enth\u00e4lt Links zu anderen Websites und Inhalten, die Eigentum Dritter sind.\r\n\r\nDer alleinige Zweck der Links besteht darin, dem Nutzer die M\u00f6glichkeit zu geben, auf diese Links zuzugreifen. AVEC ist in keinem Fall f\u00fcr die Ergebnisseverantwortlich, die dem Benutzer durch den Zugriff auf diese Links gezeigt werden.\r\n\r\nDer Benutzer, der beabsichtigt, ein technisches Verbindungsger\u00e4t von seiner Website zum Portal einzurichten, muss die vorherige schriftliche Genehmigung von AVEC einholen. Die Einrichtung des Links impliziert in keinem Fall das Bestehen von Beziehungen zwischenAVEC und dem Eigent\u00fcmer der Website, auf der der Link eingerichtet ist, noch die Annahme oder Genehmigung seiner Inhalte oder Dienstleistungen durchAVEC.\r\n\r\nDie Website, auf der der Link eingerichtet ist, enth\u00e4lt keine Marke, Bezeichnung, Logo, Slogan oderandereUnterscheidungsmerkmale von AVEC,mit Ausnahme der ausdr\u00fccklich genehmigten.\r\n<h2>EINSEITIGE \u00c4NDERUNG UND DAUER<\/h2>\r\nAVEC beh\u00e4lt sich das Recht vor, die Darstellung und Konfiguration der Website sowie diesen rechtlichen Hinweis jederzeit und ohne vorherige Ank\u00fcndigung zu \u00e4ndern.\r\n\r\nAUSSCHLUSS VON GARANTIEN UND HAFTUNG\r\n\r\nAVEC \u00fcbernimmt in keinem Fall eine Garantie und ist in keinem Fall verantwortlich f\u00fcr Sch\u00e4den jeglicher Art, die sich aus Folgendem ergeben k\u00f6nnen:\r\n<ul>\r\n \t<li>Der Mangel an Verf\u00fcgbarkeit, Wartung und effektivem Betrieb des Webs und\/oder seiner Dienste oder Inhalte.<\/li>\r\n \t<li>Das Vorhandensein von Viren, b\u00f6sartigen oder sch\u00e4dlichen Programmen in den Inhalten.<\/li>\r\n \t<li>Die illegale, fahrl\u00e4ssige, betr\u00fcgerische Nutzung der Website, deren Dienste oder Inhalte durch die Nutzer entgegen deren Bedingungen, Treu und Glauben, allgemein anerkannten Nutzungen oder der \u00f6ffentlichen Ordnung.<\/li>\r\n<\/ul>\r\n<h2>VERARBEITUNG PERSONENBEZOGENER DATEN<\/h2>\r\nAVEC, wie in der<strong>Datenschutzerkl\u00e4rung<\/strong> angegeben, dieSie auf dieser Website einsehen k\u00f6nnen, hat die entsprechenden Sicherheitsstufen f\u00fcr die verarbeiteten und verwalteten Daten festgelegt, wobei alle zur Verf\u00fcgung stehenden Mittel und technischen Ma\u00dfnahmen zur Verf\u00fcgung stehen, um die Vertraulichkeit zu gew\u00e4hrleisten und Missbrauch, Verlust, Ver\u00e4nderung, unbefugten Zugriff und Diebstahl zu vermeiden.\r\n<h2>ANWENDBARES RECHT UND GERICHTSSTAND<\/h2>\r\nF\u00fcr die Beilegung aller Streitigkeiten oder Probleme im Zusammenhang mit dieser Website oder den darin entwickelten Aktivit\u00e4ten gilt die spanische Gesetzgebung, der sich die Parteien ausdr\u00fccklich unterwerfen, da sie f\u00fcr die Beilegung aller Konflikte zust\u00e4ndig sind, die sich aus oder im Zusammenhang mit ihrer Verwendung ergeben, die Gerichte am Wohnsitz des Kl\u00e4gers, der sich als Verbraucher identifiziert. Andernfalls sind die zust\u00e4ndigen Gerichte die der Stadt Br\u00fcssel.\r\n<h2>KONTAKT<\/h2>\r\nF\u00fcr den Fall, dass ein Benutzer Fragen zu diesem rechtlichen Hinweis oder einen Kommentar dazu hat, kann er sich an \u00ad\u00ad\u00ad\u00ad\u00ad\u00ad\u00ad\u00ad\u00ad\u00ad\u00ad\u00ad<a href=\"mailto:internacional@atlasmarketingstudio.com\">internacional@atlasmarketingstudio.com<\/a> wenden oder eine schriftliche Mitteilung an die in der Kopfzeile enthaltene Adresse senden.\t\t\t\t\t\t<\/div>\n\t\t\t\t<\/div>\n\t\t\t\t\t<\/div>\n\t\t<\/div>\n\t\t\t\t\t\t\t<\/div>\n\t\t<\/section>\n\t\t\t\t\t\t\t<\/div>\n\t\t","protected":false},"excerpt":{"rendered":"<p>Rechtliche Hinweise Bitte lesen Sie alle Abschnitte dieses rechtlichen Hinweises, bevor Sie diese Website nutzen. Die folgenden Bedingungen sind f\u00fcr jeden Benutzer verbindlich. In \u00dcbereinstimmung mit der Informationspflicht gem\u00e4\u00df dem Gesetz 34\/2002 \u00fcber Dienste der Informationsgesellschaft und des elektronischen Gesch\u00e4ftsverkehrs (LSSI-CE) vom 11. Juli werden die folgenden allgemeinen Informationsdaten dieser Website zur Verf\u00fcgung gestellt. Der [&hellip;]<\/p>\n","protected":false},"author":1,"featured_media":0,"parent":0,"menu_order":0,"comment_status":"closed","ping_status":"open","template":"elementor_header_footer","meta":{"wprm-recipe-roundup-name":"","wprm-recipe-roundup-description":"","footnotes":""},"_links":{"self":[{"href":"https:\/\/eu-poultry.eu\/de\/wp-json\/wp\/v2\/pages\/8492"}],"collection":[{"href":"https:\/\/eu-poultry.eu\/de\/wp-json\/wp\/v2\/pages"}],"about":[{"href":"https:\/\/eu-poultry.eu\/de\/wp-json\/wp\/v2\/types\/page"}],"author":[{"embeddable":true,"href":"https:\/\/eu-poultry.eu\/de\/wp-json\/wp\/v2\/users\/1"}],"replies":[{"embeddable":true,"href":"https:\/\/eu-poultry.eu\/de\/wp-json\/wp\/v2\/comments?post=8492"}],"version-history":[{"count":1,"href":"https:\/\/eu-poultry.eu\/de\/wp-json\/wp\/v2\/pages\/8492\/revisions"}],"predecessor-version":[{"id":8493,"href":"https:\/\/eu-poultry.eu\/de\/wp-json\/wp\/v2\/pages\/8492\/revisions\/8493"}],"wp:attachment":[{"href":"https:\/\/eu-poultry.eu\/de\/wp-json\/wp\/v2\/media?parent=8492"}],"curies":[{"name":"wp","href":"https:\/\/api.w.org\/{rel}","templated":true}]}}