{"id":8477,"date":"2022-06-17T11:10:55","date_gmt":"2022-06-17T11:10:55","guid":{"rendered":"https:\/\/eu-poultry.eu\/datenschutzrichtlinie\/"},"modified":"2022-08-31T05:46:38","modified_gmt":"2022-08-31T05:46:38","slug":"datenschutzrichtlinie","status":"publish","type":"page","link":"https:\/\/eu-poultry.eu\/de\/datenschutzrichtlinie\/","title":{"rendered":"Datenschutzrichtlinie"},"content":{"rendered":"\t\t<div data-elementor-type=\"wp-page\" data-elementor-id=\"8477\" class=\"elementor elementor-8477 elementor-1256\" data-elementor-post-type=\"page\">\n\t\t\t\t\t\t\t\t\t<section class=\"elementor-section elementor-top-section elementor-element elementor-element-12339fc1 elementor-section-boxed elementor-section-height-default elementor-section-height-default\" data-id=\"12339fc1\" data-element_type=\"section\">\n\t\t\t\t\t\t<div class=\"elementor-container elementor-column-gap-default\">\n\t\t\t\t\t<div class=\"elementor-column elementor-col-100 elementor-top-column elementor-element elementor-element-5e00c4e\" data-id=\"5e00c4e\" data-element_type=\"column\">\n\t\t\t<div class=\"elementor-widget-wrap elementor-element-populated\">\n\t\t\t\t\t\t\t\t<div class=\"elementor-element elementor-element-4106c4b9 elementor-widget elementor-widget-text-editor\" data-id=\"4106c4b9\" data-element_type=\"widget\" data-widget_type=\"text-editor.default\">\n\t\t\t\t<div class=\"elementor-widget-container\">\n\t\t\t<style>\/*! elementor - v3.18.0 - 20-12-2023 *\/\n.elementor-widget-text-editor.elementor-drop-cap-view-stacked .elementor-drop-cap{background-color:#69727d;color:#fff}.elementor-widget-text-editor.elementor-drop-cap-view-framed .elementor-drop-cap{color:#69727d;border:3px solid;background-color:transparent}.elementor-widget-text-editor:not(.elementor-drop-cap-view-default) .elementor-drop-cap{margin-top:8px}.elementor-widget-text-editor:not(.elementor-drop-cap-view-default) .elementor-drop-cap-letter{width:1em;height:1em}.elementor-widget-text-editor .elementor-drop-cap{float:left;text-align:center;line-height:1;font-size:50px}.elementor-widget-text-editor .elementor-drop-cap-letter{display:inline-block}<\/style>\t\t\t\t<h2><a name=\"_Toc530642022\"><\/a><a name=\"_Toc528580870\"><\/a>Datenschutzrichtlinie<\/h2>\r\n<h3><a name=\"_Toc530642023\"><\/a>WER IST F\u00dcR DIE VERARBEITUNG IHRER DATEN VERANTWORTLICH?<\/h3>\r\n<ul>\r\n \t<li><strong>VERANTWORTLICH F\u00dcR DIE VERARBEITUNG Ihrer Daten ist:<\/strong> AVEC (Verband der Gefl\u00fcgelverarbeiter und des Gefl\u00fcgelhandels in den EU-L\u00e4ndern ASBL)<\/li>\r\n \t<li><strong>Steueridentifikationsnummer (CIF)<\/strong><strong>:<\/strong><\/li>\r\n \t<li><strong>Postanschrift: <\/strong>Birthe Steenberg \u2013 Rue du Luxembourg 47-51, B-1050 Br\u00fcssel, Belgien<\/li>\r\n \t<li><strong>E-Mail:<\/strong><a href=\"mailto:bs@avec-poultry.eu\"> bs@avec-poultry.eu<\/a> \/\/ <a href=\"mailto:internacional@atlasmarketingstudio.com\">internacional@atlasmarketingstudio.com<\/a><\/li>\r\n<\/ul>\r\n<h3><a name=\"_Toc530642024\"><\/a>WELCHE ART VON DATEN VERARBEITEN WIR?<\/h3>\r\nAbh\u00e4ngig von den Produkten, Dienstleistungen oder Funktionalit\u00e4ten, die Sie in Anspruch nehmen m\u00f6chten, m\u00fcssen wir einige Daten verarbeiten.Im Allgemeinen handelt es sich bei diesen Daten gegebenenfalls um die folgenden:\r\n<ul>\r\n \t<li>Ihre Identifikationsdaten (z.B.: Vorname, Nachname, Sprache, Land, von dem aus Sie mit unsinteragiert haben, Kontaktdaten, etc.)<\/li>\r\n \t<li>Verbindungs-, Geolokalisierungs- und Navigationsdaten (z. B. wenn Sie von Ihrem Handy aus mit uns interagieren).<\/li>\r\n \t<li>Kommerzielle Informationen, wenn Sie unseren Newsletter abonniert haben.<\/li>\r\n \t<li>Daten \u00fcber Ihre Vorlieben und Ihre Pr\u00e4ferenzen.<\/li>\r\n<\/ul>\r\nDenken Sie daran, dasswenn wir Sie bitten, Ihre personenbezogenen Daten einzugeben, um Ihnen Zugriff auf einige Funktionen oder Dienste des Webs zu gew\u00e4hren, wir einige Felder als obligatorisch markieren, da es sich um Daten handelt, die wir ben\u00f6tigen, um den Dienst bereitzustellen oder Ihnen Zugriff auf die betreffende Funktionalit\u00e4t zu gew\u00e4hren.\r\n\r\nBitte beachten Sie, dass Sie, wenn Sie sich daf\u00fcr entscheiden, uns solche Daten nicht zur Verf\u00fcgung zu stellen, m\u00f6glicherweise nicht in der Lage sind, Ihre Registrierung als Benutzer abzuschlie\u00dfen, oder dass Sie diese Dienste oder Funktionen m\u00f6glicherweise nicht nutzen k\u00f6nnen.\r\n<h3><a name=\"_Toc530642025\"><\/a>ZU WELCHEM ZWECK VERARBEITEN WIR IHRE PERSONENBEZOGENEN DATEN?<\/h3>\r\nJe nachdem, wie Sie mit unserer Website interagieren, verarbeiten wir Ihre personenbezogenen Daten zu folgenden Zwecken:\r\n<ol>\r\n \t<li><strong>Um die Anfragen, die Sie \u00fcber die verschiedenen Mittel auf unserer Website nutzen, zu erf\u00fcllen. <\/strong><\/li>\r\n<\/ol>\r\nWir verarbeiten nur personenbezogene Daten, die unbedingt erforderlich sind, um Ihre Anfrage zu bearbeiten oder zu l\u00f6sen.\r\n<ol>\r\n \t<li><strong>F\u00fcr Marketingzwecke<\/strong><\/li>\r\n<\/ol>\r\nSoweit Sie unseren Newsletter abonnieren, werden Ihre personenbezogenen Daten f\u00fcr den regelm\u00e4\u00dfigen Versand von Unternehmensnewslettern verwendet.\r\n\r\nSie k\u00f6nnen sich jederzeit und kostenlos vom Newsletter abmelden und uns \u00fcber die E-Mail-Adresse des Datenverantwortlichenkontaktieren oder indem Sie den Anweisungen folgen, die wir Ihnen in jeder unserer Mitteilungen anbieten.\r\n<ol>\r\n \t<li><strong>F\u00fcrdas Management von sozialen Medien<\/strong><\/li>\r\n<\/ol>\r\nF\u00fcr den Fall, dass Sie uns \u00fcber die verschiedenen sozialen Netzwerke folgen, in denen wir pr\u00e4sent sind oder kontaktieren, behandeln wir die Daten, die Sie uns zur Verf\u00fcgung stellen zum alleinigen Zweck der Beantwortung Ihrer Nachrichten oder Kommentare und der Verwaltung unserer Kontaktliste.\r\n<ol>\r\n \t<li><strong>Usability- und Qualit\u00e4tsanalyse zur Verbesserung unserer Dienste (Cookies)<\/strong><\/li>\r\n<\/ol>\r\nWenn Sie auf unsere Plattform zugreifen, informieren wir Sie, dass wir Ihre Navigationsdaten f\u00fcr analytische und statistische Zwecke verarbeiten, d.h. um die Art und Weise zu verstehen, in der Benutzer mit unserer Plattform interagieren, und um so Verbesserungen vornehmen zu k\u00f6nnen. Ebenso f\u00fchren wir manchmal Qualit\u00e4tsma\u00dfnahmen und Umfragen durch, die darauf abzielen, den Grad der Zufriedenheit unserer Kunden und Nutzer zu ermitteln und die Bereiche zu ermitteln, in denen wir uns verbessern k\u00f6nnen.\r\n<h3><a name=\"_Toc530642026\"><\/a>WAS IST DIE LEGITIMIT\u00c4T F\u00dcR DIE VERARBEITUNG IHRER DATEN?<\/h3>\r\nDie Rechtsgrundlage, die es uns erm\u00f6glicht, Ihre personenbezogenen Daten zu verarbeiten, h\u00e4ngt auch von dem Zweck ab, f\u00fcr den wir sie behandeln, auf diese Weise finden wir verschiedene Rechtsgrundlagen aufgrund der folgenden Zwecke:\r\n<ol>\r\n \t<li><strong>R\u00fcckmeldungen bei f\u00fcr Informationsanfragen.<\/strong><\/li>\r\n<\/ol>\r\nDie Rechtsgrundlage f\u00fcr die Verarbeitung Ihrer Daten ist die informierte Zustimmung zur Beantwortung der \u00fcber die Website gestellten Anfragen, was die Annahme dieser Bedingungen durch die interessierte Partei impliziert.\r\n<ol>\r\n \t<li><strong>Marketing<\/strong><\/li>\r\n<\/ol>\r\nDie legitime Grundlage f\u00fcr die Verarbeitung Ihrer Daten zu Marketingzwecken ist die von Ihnen erteilte Einwilligung.\r\n<ol start=\"3\">\r\n \t<li><strong>Soziale Medien<\/strong><\/li>\r\n<\/ol>\r\nDie Grundlage der Legitimit\u00e4t ist die informierte Zustimmung, auf die \u00fcber das soziale Netzwerk gestellten Fragen zu antworten, sowie der Moment, in dem Sie uns folgen und Teil unserer Kontaktliste sein m\u00f6chten.\r\n<ol>\r\n \t<li><strong>Usability- und Qualit\u00e4tsanalyse (Cookies)<\/strong><\/li>\r\n<\/ol>\r\nZustimmung des Nutzers zur Akzeptanz von Cookies.\r\n<h3><a name=\"_Toc530642027\"><\/a><\/h3>\r\n<h3>WIE LANGE BEWAHREN WIR IHRE DATEN AUF?<\/h3>\r\n&nbsp;\r\n<ol>\r\n \t<li><strong>Informationsauskunft.<\/strong><\/li>\r\n<\/ol>\r\nWir werden Ihre Daten so lange verarbeiten, wie es notwendig ist, um Ihre Anfrage zu erf\u00fcllen, und ab diesem Zeitpunkt 1 Jahr.\r\n<ol>\r\n \t<li><strong>Marketing<\/strong><\/li>\r\n<\/ol>\r\nWir verarbeiten Ihre Daten, bis Sie sich vom Newsletter ab- oder abmelden.\r\n<ol start=\"3\">\r\n \t<li><strong>Soziale Netzwerke<\/strong><\/li>\r\n<\/ol>\r\nWir verarbeiten Ihre Daten so lange, wie es notwendig ist, um Ihre Anfrage zu bearbeiten und solange Sie unserem Profil folgen.\r\n<h3><a name=\"_Toc530642028\"><\/a>WERDEN WIR IHRE DATEN AN DRITTE WEITERGEBEN?<\/h3>\r\nPersonenbezogene Daten werden nicht an Dritte weitergegeben, au\u00dfer bei gesetzlicher Verpflichtung. Hierbei holen wir Ihre ausdr\u00fcckliche Zustimmung ein oder verstehen, dass ein berechtigtes Interesse unsererseits besteht, das Ihnen ordnungsgem\u00e4\u00df mitgeteilt wird.\r\n\r\nWir informieren Sie jedoch, dass wir in den folgenden sozialen Netzwerken pr\u00e4sent sind: Facebook, Instagram und Pinterest, um unsere Follower \u00fcber die Neuigkeiten und Dienstleistungen des Unternehmens auf dem Laufenden zu halten.\r\n\r\nSie k\u00f6nnen diese sozialen Netzwerke freiwillig und \u00fcber die auf der Website selbst verf\u00fcgbaren Links oder durch direkten und eigenen Zugriff \u00fcber den installierten Browser oder die installierte App aufrufen.\r\n\r\nSie sollten wissen, dass diese Website nicht f\u00fcr die Verwendung von Daten verantwortlich ist, die diese sozialen Netzwerke m\u00f6glicherweise machen. Wenn diese Daten jedoch im sozialen Netzwerk generiert werden und aus einer Interaktion mit unserem offiziellen Konto stammen, sind wir gemeinsam mit dem sozialen Netzwerk f\u00fcr die Behandlung verantwortlich.\r\n\r\nUm unserer \u00dcbertragung von dieser Website und der Verarbeitung Ihrer Daten zuzustimmen, m\u00fcssen Sie die Datenschutzerkl\u00e4rung des sozialen Netzwerks, auf das Sie zugreifen m\u00f6chten, sorgf\u00e4ltig lesen:\r\n<ul>\r\n \t<li>Facebook: <a href=\"https:\/\/es-es.facebook.com\/privacy\/explanation\">https:\/\/es-es.facebook.com\/privacy\/explanation<\/a><\/li>\r\n \t<li>Instagram: <a href=\"https:\/\/privacycenter.instagram.com\/policy\/\">https:\/\/privacycenter.instagram.com\/policy\/<\/a><\/li>\r\n \t<li>Pinterest: <a href=\"https:\/\/policy.pinterest.com\/es\/privacy-policy\">https:\/\/policy.pinterest.com\/es\/privacy-policy<\/a><\/li>\r\n<\/ul>\r\nAuf diese Weise, bevor Sie auf die Logos der sozialen Netzwerke klicken, k\u00f6nnen Sie auf unserer Website sich informieren und mit vorheriger Kenntnis der Verarbeitung Ihrer Daten und freiwillig eine Weiterleitung vornehmen.\r\n\r\nWir weisen Sie jedoch darauf hin, dass die Website externe Links zu folgenden Themen enth\u00e4lt:\r\n<ul>\r\n \t<li>AVEC: Verband der Gefl\u00fcgelverarbeiter und des Gefl\u00fcgelhandels in EU-L\u00e4ndern (avec-poultry.eu)<\/li>\r\n \t<li>BVG: ZDG &#8211; Zentralverband der Deutschen Gefl\u00fcgelwirtschaft e.V. (zdg-online.de)<\/li>\r\n \t<li>AVIANZA: Avianza &#8211; Spanischer Interprofessioneller Verband f\u00fcr Gefl\u00fcgelfleisch.<\/li>\r\n \t<li>ICPC: Accueil &#8211; Volaille Fran\u00e7aise (volaille-francaise.fr)<\/li>\r\n<\/ul>\r\n<h3><a name=\"_Toc530642029\"><\/a>WELCHE RECHTE HABEN SIE, WENN SIE UNS DATEN ZUR VERF\u00dcGUNG STELLEN?<\/h3>\r\nWir verpflichten uns, die Vertraulichkeit Ihrer personenbezogenen Daten zu wahren und Ihnen die Aus\u00fcbung Ihrer Rechte zu garantieren.\r\n\r\nSie k\u00f6nnen diese kostenlos aus\u00fcben, indem Sie uns eine E-Mail an unsereEmail Adresse<a href=\"mailto:%20internacional@atlasmarketingstudio.com\"> internacional@atlasmarketingstudio.com<\/a>senden, in der Sie einfach den Grund f\u00fcr Ihre Anfrage und das Recht, das Sie aus\u00fcben m\u00f6chten, angeben.\r\n\r\nF\u00fcr den Fall, dass wir es f\u00fcr notwendig erachten, Sie identifizieren zu k\u00f6nnen, k\u00f6nnen wir eine Kopie eines Dokuments anfordern, das Ihre Identit\u00e4t nachweist. Unabh\u00e4ngig vom Zweck oder der Rechtsgrundlage, auf der wir Ihre Daten verarbeiten, haben Sie insbesondere das Recht auf:\r\n\r\nZugang zu Ihren Daten zu bitten \u00fcber die wir verf\u00fcgen.\r\n\r\nBitten Sie uns, die Daten, die wir bereits haben, zu berichtigen. Bitte beachten Sie, dass Sie, indem Sie uns Ihre personenbezogenen Daten auf irgendeine Weise aktiv zur Verf\u00fcgung stellen, garantieren, dass sie wahr und genau sind, und Sie sich damit einverstandenerkl\u00e4ren, uns \u00fcber \u00c4nderungen oder Modifikationen zu informieren.\r\n\r\nFordern Sie uns auf, Ihre Daten in dem Umfang zu l\u00f6schen, in dem sie f\u00fcr den Zweck, f\u00fcr den wir sie behandeln m\u00fcssen, nicht mehr erforderlich sind, wie wir Sie zuvor informiert haben, oder wenn wir nicht mehr berechtigt sind, dies zu tun.\r\n\r\nBitten Sie uns, die Verarbeitung Ihrer Daten einzuschr\u00e4nken, was bedeutet, dass Sie uns in bestimmten F\u00e4llen auffordern k\u00f6nnen, die Verarbeitung der Daten vor\u00fcbergehend auszusetzen oder \u00fcber den erforderlichen Zeitraum hinaus aufzubewahren, wenn Sie dies ben\u00f6tigen. Wenn Sie uns Ihre Einwilligung zur Verarbeitung Ihrer Daten zu irgendeinem Zweck erteilt haben, haben Sie auch das Recht, diese jederzeit zu widerrufen.\r\n\r\nBitte Sie uns die personenbezogenen Daten, die Sie betreffen und die Sie uns zur Verf\u00fcgung gestellt haben, in einem strukturierten Format, das h\u00e4ufig verwendet wird und maschinenlesbar ist, sowie um sie an eine andere f\u00fcr die Behandlung verantwortliche Person zu \u00fcbermitteln.\r\n\r\nBeruht die Verarbeitung Ihrer Daten hingegen auf unserem berechtigten Interesse, haben Sie auch das Recht, der Verarbeitung Ihrer Daten zu widersprechen.\r\n\r\nSchlie\u00dflich informieren wir Sie \u00fcber Ihr Recht, eine Beschwerde bei der zust\u00e4ndigen Datenschutzaufsichtsbeh\u00f6rde, insbesondere bei der spanischen Agentur f\u00fcr Datenschutz <a href=\"https:\/\/www.agpd.es\/portalwebAGPD\/index-ides-idphp.php\">https:\/\/www.agpd.es\/portalwebAGPD\/index-ides-idphp.php<\/a> einzureichen.\r\n<h2><a name=\"_Toc530642030\"><\/a>\u00c4NDERUNGEN DER DATENSCHUTZERKL\u00c4RUNG.<\/h2>\r\nWir k\u00f6nnen die in dieser Datenschutzrichtlinie enthaltenen Informationen \u00e4ndern, wenn wir dies f\u00fcr angemessen halten. F\u00fcr den Fall, dass wir dies tun, werden wir Sie auf verschiedene Arten \u00fcber die Plattform benachrichtigen oder sogar an Ihre E-Mail-Adresse kommunizieren, wenn die betreffende \u00c4nderung f\u00fcr Ihre Privatsph\u00e4re von Bedeutung ist, damit Sie die \u00c4nderungen \u00fcberpr\u00fcfen, bewerten und gegebenenfalls einen Dienst oder eine Funktionalit\u00e4t ablehnen oder abbestellen k\u00f6nnen.\r\n<h2><a name=\"_Toc530642031\"><\/a>INFORMATIONEN \u00dcBER COOKIES<\/h2>\r\nWir verwenden Cookies und \u00e4hnliche Ger\u00e4te, um Ihnen die Navigation auf der Plattform zu erleichtern, um zu wissen, wie Sie mit uns interagieren, und um Ihnen in bestimmten F\u00e4llen Werbung basierend auf Ihren Surfgewohnheiten zeigen zu k\u00f6nnen. Bitte lesen Sieunsere <strong>Cookie-Richtlinie <\/strong>durch, um mehr \u00fcber die von uns verwendeten Cookies und \u00e4hnliche Ger\u00e4te, ihren Zweck und andere interessante Informationen zu erfahren.\t\t\t\t\t\t<\/div>\n\t\t\t\t<\/div>\n\t\t\t\t\t<\/div>\n\t\t<\/div>\n\t\t\t\t\t\t\t<\/div>\n\t\t<\/section>\n\t\t\t\t\t\t\t<\/div>\n\t\t","protected":false},"excerpt":{"rendered":"<p>Datenschutzrichtlinie WER IST F\u00dcR DIE VERARBEITUNG IHRER DATEN VERANTWORTLICH? VERANTWORTLICH F\u00dcR DIE VERARBEITUNG Ihrer Daten ist: AVEC (Verband der Gefl\u00fcgelverarbeiter und des Gefl\u00fcgelhandels in den EU-L\u00e4ndern ASBL) Steueridentifikationsnummer (CIF): Postanschrift: Birthe Steenberg \u2013 Rue du Luxembourg 47-51, B-1050 Br\u00fcssel, Belgien E-Mail: bs@avec-poultry.eu \/\/ internacional@atlasmarketingstudio.com WELCHE ART VON DATEN VERARBEITEN WIR? Abh\u00e4ngig von den Produkten, Dienstleistungen [&hellip;]<\/p>\n","protected":false},"author":1,"featured_media":0,"parent":0,"menu_order":0,"comment_status":"closed","ping_status":"open","template":"elementor_header_footer","meta":{"wprm-recipe-roundup-name":"","wprm-recipe-roundup-description":"","footnotes":""},"_links":{"self":[{"href":"https:\/\/eu-poultry.eu\/de\/wp-json\/wp\/v2\/pages\/8477"}],"collection":[{"href":"https:\/\/eu-poultry.eu\/de\/wp-json\/wp\/v2\/pages"}],"about":[{"href":"https:\/\/eu-poultry.eu\/de\/wp-json\/wp\/v2\/types\/page"}],"author":[{"embeddable":true,"href":"https:\/\/eu-poultry.eu\/de\/wp-json\/wp\/v2\/users\/1"}],"replies":[{"embeddable":true,"href":"https:\/\/eu-poultry.eu\/de\/wp-json\/wp\/v2\/comments?post=8477"}],"version-history":[{"count":1,"href":"https:\/\/eu-poultry.eu\/de\/wp-json\/wp\/v2\/pages\/8477\/revisions"}],"predecessor-version":[{"id":8478,"href":"https:\/\/eu-poultry.eu\/de\/wp-json\/wp\/v2\/pages\/8477\/revisions\/8478"}],"wp:attachment":[{"href":"https:\/\/eu-poultry.eu\/de\/wp-json\/wp\/v2\/media?parent=8477"}],"curies":[{"name":"wp","href":"https:\/\/api.w.org\/{rel}","templated":true}]}}