{"id":8456,"date":"2022-06-08T12:57:23","date_gmt":"2022-06-08T12:57:23","guid":{"rendered":"https:\/\/eu-poultry.eu\/cookie-richtlinie\/"},"modified":"2022-08-30T09:26:19","modified_gmt":"2022-08-30T09:26:19","slug":"cookie-richtlinie","status":"publish","type":"page","link":"https:\/\/eu-poultry.eu\/de\/cookie-richtlinie\/","title":{"rendered":"Cookie-Richtlinie"},"content":{"rendered":"\t\t<div data-elementor-type=\"wp-page\" data-elementor-id=\"8456\" class=\"elementor elementor-8456 elementor-3\" data-elementor-post-type=\"page\">\n\t\t\t\t\t\t\t\t\t<section class=\"elementor-section elementor-top-section elementor-element elementor-element-12339fc1 elementor-section-boxed elementor-section-height-default elementor-section-height-default\" data-id=\"12339fc1\" data-element_type=\"section\">\n\t\t\t\t\t\t<div class=\"elementor-container elementor-column-gap-default\">\n\t\t\t\t\t<div class=\"elementor-column elementor-col-100 elementor-top-column elementor-element elementor-element-5e00c4e\" data-id=\"5e00c4e\" data-element_type=\"column\">\n\t\t\t<div class=\"elementor-widget-wrap elementor-element-populated\">\n\t\t\t\t\t\t\t\t<div class=\"elementor-element elementor-element-4106c4b9 elementor-widget elementor-widget-text-editor\" data-id=\"4106c4b9\" data-element_type=\"widget\" data-widget_type=\"text-editor.default\">\n\t\t\t\t<div class=\"elementor-widget-container\">\n\t\t\t<style>\/*! elementor - v3.18.0 - 20-12-2023 *\/\n.elementor-widget-text-editor.elementor-drop-cap-view-stacked .elementor-drop-cap{background-color:#69727d;color:#fff}.elementor-widget-text-editor.elementor-drop-cap-view-framed .elementor-drop-cap{color:#69727d;border:3px solid;background-color:transparent}.elementor-widget-text-editor:not(.elementor-drop-cap-view-default) .elementor-drop-cap{margin-top:8px}.elementor-widget-text-editor:not(.elementor-drop-cap-view-default) .elementor-drop-cap-letter{width:1em;height:1em}.elementor-widget-text-editor .elementor-drop-cap{float:left;text-align:center;line-height:1;font-size:50px}.elementor-widget-text-editor .elementor-drop-cap-letter{display:inline-block}<\/style>\t\t\t\t<h1>COOKIE-RICHTLINIE<\/h1>\r\n<h2>DEFINITION und generische Funktion von COOKIES<\/h2>\r\nCookies sind Identifikationspunkte, die wir \u00fcber Ihren Webbrowser an die Festplatte Ihres Computers senden, damit unsere Systeme Ihren Browser erkennen und Ihnen bestimmte Dienste anbieten k\u00f6nnen.\r\n\r\nIm Allgemeinen k\u00f6nnen diese Technologien sehr unterschiedlichen Zwecken dienen, z. B. um Sie als Benutzer zu erkennen, Informationen \u00fcber Ihre Surfgewohnheiten zu erhalten oder die Art und Weise, wie die Inhalte angezeigt werden, zu personalisieren.\r\n\r\nDiese Seite verwendet verschiedene Arten von Cookies. Einige Cookies werden von Drittanbietern platziert, die auf unseren Seiten erscheinen. In einigen F\u00e4llen haben Sie bei der Verwendung einer Google-Suchmaschine m\u00f6glicherweise Ihre eigenen Cookies akzeptiert. Diese Google-Cookies werden auch dann installiert, wenn Sie unsere eigenen und\/oder Drittanbieter-Cookies nicht akzeptiert haben.\r\n\r\nIm Folgenden geben wir die von der Website verwendeten Cookies an.\r\n<h2>VERWENDETE COOKIES<\/h2>\r\n<h3>Notwendige Cookies<\/h3>\r\nNotwendige Cookies helfen, eine Website nutzbar zu machen, indem sie grundlegende Funktionen wie die Navigation auf der Seite und den Zugriff auf sichere Bereiche der Website aktivieren. Die Website kann ohne diese Cookies nicht ordnungsgem\u00e4\u00df funktionieren<span style=\"font-size: 16px;\">.<\/span>\r\n<table width=\"97%\">\r\n<tbody>\r\n<tr>\r\n<td width=\"14%\">Name<\/td>\r\n<td width=\"23%\">Provider<\/td>\r\n<td width=\"24%\">Purpose<\/td>\r\n<td width=\"37%\">Expiration<\/td>\r\n<\/tr>\r\n<tr>\r\n<td width=\"14%\">last_pys_landing_page<\/td>\r\n<td width=\"23%\">eu-poultry.eu<\/td>\r\n<td width=\"24%\">Website Performance<\/td>\r\n<td width=\"37%\">30 days<\/td>\r\n<\/tr>\r\n<tr>\r\n<td width=\"14%\">pys_session_limit<\/td>\r\n<td width=\"23%\">eu-poultry.eu<\/td>\r\n<td width=\"24%\">Website Performance<\/td>\r\n<td width=\"37%\">30 days<\/td>\r\n<\/tr>\r\n<tr>\r\n<td width=\"14%\">pys_landing_page<\/td>\r\n<td width=\"23%\">eu-poultry.eu<\/td>\r\n<td width=\"24%\">Website Performance<\/td>\r\n<td width=\"37%\">30 days<\/td>\r\n<\/tr>\r\n<tr>\r\n<td width=\"14%\">pys_first_visit<\/td>\r\n<td width=\"23%\">eu-poultry.eu<\/td>\r\n<td width=\"24%\">Website Performance<\/td>\r\n<td width=\"37%\">30 days<\/td>\r\n<\/tr>\r\n<tr>\r\n<td width=\"14%\">pys_start_session<\/td>\r\n<td width=\"23%\">eu-poultry.eu<\/td>\r\n<td width=\"24%\">Website Performance &#8211; User sesion<\/td>\r\n<td width=\"37%\">30 days<\/td>\r\n<\/tr>\r\n<tr>\r\n<td width=\"14%\">last_pysTrafficSource<\/td>\r\n<td width=\"23%\">eu-poultry.eu<\/td>\r\n<td width=\"24%\">Website Performance<\/td>\r\n<td width=\"37%\">30 days<\/td>\r\n<\/tr>\r\n<tr>\r\n<td width=\"14%\">pysTrafficSource<\/td>\r\n<td width=\"23%\">eu-poultry.eu<\/td>\r\n<td width=\"24%\">Website Performance<\/td>\r\n<td width=\"37%\">30 days<\/td>\r\n<\/tr>\r\n<\/tbody>\r\n<\/table>\r\n<h3>Pr\u00e4ferenz-Cookies<\/h3>\r\nPr\u00e4ferenz-Cookies erm\u00f6glichen es der Website, sich an Informationen zu erinnern, die das Verhalten der Seite oder ihr Aussehen \u00e4ndern, z. B. Ihre bevorzugte Sprache oder die Region, in der Sie sich befinden.\r\n<h3>Statistische Cookies<\/h3>\r\nStatistische Cookies helfen Website-Inhabern zu verstehen, wie Besucher mit Websites interagieren, indem sie Informationen anonym sammeln und bereitstellen.\r\n\r\nUm Google Analytics-Cookies zu deaktivieren, k\u00f6nnen Sie das Browser-Add-on zur Deaktivierung von Google Analytics installieren, mit dem Siekeine statistischen Informationen senden k\u00f6nnen. Sie k\u00f6nnen dies unter folgendem Link einsehen: <a href=\"https:\/\/tools.google.com\/dlpage\/gaoptout?hl=es\">https:\/\/tools.google.com\/dlpage\/gaoptout?hl=es<\/a>\r\n<table width=\"97%\">\r\n<tbody>\r\n<tr>\r\n<td width=\"14%\">Name<\/td>\r\n<td width=\"23%\">Provider<\/td>\r\n<td width=\"24%\">Purpose<\/td>\r\n<td width=\"37%\">Expiration<\/td>\r\n<\/tr>\r\n<tr>\r\n<td width=\"14%\">_ga<\/td>\r\n<td width=\"23%\">Google<\/td>\r\n<td width=\"24%\">Google Analytics<\/td>\r\n<td width=\"37%\">1 year<\/td>\r\n<\/tr>\r\n<tr>\r\n<td width=\"14%\">_ga_9DKNP63DSP<\/td>\r\n<td width=\"23%\">Google<\/td>\r\n<td width=\"24%\">Google Analytics<\/td>\r\n<td width=\"37%\">1 year<\/td>\r\n<\/tr>\r\n<\/tbody>\r\n<\/table>\r\n<h3>MarketingCookies<\/h3>\r\nMarketing-Cookies werden verwendet, um Besucher auf Webseiten zu folgen. Ziel ist es, dem einzelnen Nutzer relevante und attraktive Anzeigen zu zeigen und damit f\u00fcr Werbetreibende und Drittanbieter wertvoller zu sein.\r\n<table width=\"97%\">\r\n<tbody>\r\n<tr>\r\n<td width=\"14%\"><strong>Name<\/strong><\/td>\r\n<td width=\"23%\"><strong>Provider<\/strong><\/td>\r\n<td width=\"24%\"><strong>Purpose<\/strong><\/td>\r\n<td width=\"37%\"><strong>Expiration<\/strong><\/td>\r\n<\/tr>\r\n<tr>\r\n<td width=\"14%\">fr<\/td>\r\n<td width=\"23%\">facebook.com<\/td>\r\n<td width=\"24%\">Ads targeting cookie for Facebook<\/td>\r\n<td width=\"37%\">3 months<\/td>\r\n<\/tr>\r\n<\/tbody>\r\n<\/table>\r\n<h4>So aktivieren\/deaktivieren Sie Cookies in den wichtigsten Browsern:<\/h4>\r\nEs ist in der Regel m\u00f6glich, die Annahme von Browser-Cookies oder die Annahme von Cookies von einem bestimmten Dienst zu stoppen.\r\n\r\nAlle modernen Browser erm\u00f6glichen es Ihnen, die Konfiguration von Cookies zu \u00e4ndern. Diese Einstellungen finden Sie normalerweise im Men\u00fc &#8222;Optionen&#8220; oder &#8222;Einstellungen&#8220; Ihres Browsers. Sie k\u00f6nnen auch Ihren Browser oder E-Mail-Manager konfigurieren.\r\n\r\nIm Folgenden finden Sie eine Anleitung f\u00fcr den Benutzer bzgl. den Schritten f\u00fcr den Zugriff auf das Konfigurationsmen\u00fc von Cookies und gegebenenfalls das private Surfen im Hauptbrowser:\r\n\r\n<strong>Internet Explorer:<\/strong> Extras -&gt; Internetoptionen -&gt; Datenschutz-&gt; Einstellungen. Weitere Informationen finden Sie im <a href=\"http:\/\/windows.microsoft.com\/es-ES\/windows\/support\">Microsoft-Support<\/a> oder in der Hilfe des Browsers.\r\n\r\n<strong>Firefox: Extras -&gt; Optionen -&gt;<\/strong> Datenschutz -&gt; Verlauf -&gt; Benutzerdefinierte Einstellungen. Weitere Informationen finden Sie im <a href=\"http:\/\/support.mozilla.org\/es\/home\">Mozilla-Support<\/a> oder in der Hilfe des Browsers.\r\n\r\n<strong>Chrome: Einstellungen -&gt;<\/strong> Erweiterte Optionen anzeigen -&gt; Datenschutz -&gt; Inhaltseinstellungen. Weitere Informationen finden Sie im <a href=\"http:\/\/support.google.com\/chrome\/?hl=es\">Google-Support<\/a> oder in der Hilfe des Browsers.\r\n\r\n<strong>Safari:<\/strong> Einstellungen -&gt; Sicherheit. Weitere Informationen finden Sie im <a href=\"http:\/\/www.apple.com\/es\/support\/safari\/\">Apple Support<\/a> oder in der Hilfe des Browsers.\r\n<h4>Was passiert, wenn Cookies deaktiviert sind?<\/h4>\r\nEinige Funktionalit\u00e4ten der Dienste werden deaktiviert, z.B. das Ausbleiben der Identifizierung usw.\t\t\t\t\t\t<\/div>\n\t\t\t\t<\/div>\n\t\t\t\t\t<\/div>\n\t\t<\/div>\n\t\t\t\t\t\t\t<\/div>\n\t\t<\/section>\n\t\t\t\t\t\t\t<\/div>\n\t\t","protected":false},"excerpt":{"rendered":"<p>COOKIE-RICHTLINIE DEFINITION und generische Funktion von COOKIES Cookies sind Identifikationspunkte, die wir \u00fcber Ihren Webbrowser an die Festplatte Ihres Computers senden, damit unsere Systeme Ihren Browser erkennen und Ihnen bestimmte Dienste anbieten k\u00f6nnen. Im Allgemeinen k\u00f6nnen diese Technologien sehr unterschiedlichen Zwecken dienen, z. B. um Sie als Benutzer zu erkennen, Informationen \u00fcber Ihre Surfgewohnheiten zu [&hellip;]<\/p>\n","protected":false},"author":1,"featured_media":0,"parent":0,"menu_order":0,"comment_status":"closed","ping_status":"open","template":"elementor_header_footer","meta":{"wprm-recipe-roundup-name":"","wprm-recipe-roundup-description":"","footnotes":""},"_links":{"self":[{"href":"https:\/\/eu-poultry.eu\/de\/wp-json\/wp\/v2\/pages\/8456"}],"collection":[{"href":"https:\/\/eu-poultry.eu\/de\/wp-json\/wp\/v2\/pages"}],"about":[{"href":"https:\/\/eu-poultry.eu\/de\/wp-json\/wp\/v2\/types\/page"}],"author":[{"embeddable":true,"href":"https:\/\/eu-poultry.eu\/de\/wp-json\/wp\/v2\/users\/1"}],"replies":[{"embeddable":true,"href":"https:\/\/eu-poultry.eu\/de\/wp-json\/wp\/v2\/comments?post=8456"}],"version-history":[{"count":1,"href":"https:\/\/eu-poultry.eu\/de\/wp-json\/wp\/v2\/pages\/8456\/revisions"}],"predecessor-version":[{"id":8457,"href":"https:\/\/eu-poultry.eu\/de\/wp-json\/wp\/v2\/pages\/8456\/revisions\/8457"}],"wp:attachment":[{"href":"https:\/\/eu-poultry.eu\/de\/wp-json\/wp\/v2\/media?parent=8456"}],"curies":[{"name":"wp","href":"https:\/\/api.w.org\/{rel}","templated":true}]}}